{"id":5730,"date":"2024-09-27T04:50:00","date_gmt":"2024-09-27T04:50:00","guid":{"rendered":"https:\/\/icoolbuy.com\/?post_type=product&#038;p=5730"},"modified":"2025-06-03T23:51:49","modified_gmt":"2025-06-03T23:51:49","slug":"bisinna-camping-gas-stove-2800w-high-firepower-portable-cassette-furnace-outdoor-gas-burner-picnic-camp","status":"publish","type":"product","link":"https:\/\/icoolbuy.com\/de\/produkt\/bisinna-camping-gas-stove-2800w-high-firepower-portable-cassette-furnace-outdoor-gas-burner-picnic-camp\/","title":{"rendered":"BISINNA Camping Gasherd 2800W Hohe Feuerkraft Tragbarer Kassettenofen Outdoor Gasbrenner Picknick Camp"},"content":{"rendered":"<h1>SPEZIFIKATIONEN<\/h1>\n<p>&nbsp;<\/p>\n<p>Markenname: <span style=\"color: #333;\">bisinna<\/span><\/p>\n<p>Herkunft: <span style=\"color: #333;\">Festland China<\/span><\/p>\n<p>Wegwerfbar: <span style=\"color: #333;\">Nein<\/span><\/p>\n<p>Mit oder ohne Z\u00fcndvorrichtung: <span style=\"color: #333;\">Eingeschlossen<\/span><\/p>\n<p>Art: <span style=\"color: #333;\">Gaskartuschenkocher<\/span><\/p>\n<p>Hign-concerned Chemical: <span style=\"color: #333;\">Keine<\/span><\/p>\n<p>Kraftstoff: <span style=\"color: #333;\">Butan<\/span><\/p>\n<p>Struktur: <span style=\"color: #333;\">Einteilig<\/span><\/p>\n<p>Bedingung f\u00fcr die Verwendung: <span style=\"color: #333;\">Normal im Freien<\/span><\/p>\n<p>Material: <span style=\"color: #333;\">Rostfreier Stahl<\/span><\/p>\n<p>Modell: <span style=\"color: #333;\">SK203<\/span><\/p>\n<p>Die Wahl: <span style=\"color: #333;\">ja<\/span><\/p>\n<p>&nbsp;<\/p>\n<div class=\"detailmodule_html\">\n<div class=\"detail-desc-decorate-richtext\">\n<p><strong><span style=\"font-size: 16px;\">Merkmale:<\/span><\/strong><\/p>\n<p><span style=\"font-size: 16px;\">2800W High Firepower:Kocht Wasser und Tee schnell; <\/span><\/p>\n<p><span style=\"font-size: 16px;\">Magnetische Gastankverbindung: Der Gastank kann sich bei ordnungsgem\u00e4\u00dfer Montage nicht l\u00f6sen; <\/span><\/p>\n<p><span style=\"font-size: 16px;\">Einstellbarer Knopf: Mehrstufige Feuereinstellung, kann braten, Kaffee kochen, etc.<\/span><\/p>\n<p>&nbsp;<\/p>\n<p>&nbsp;<\/p>\n<p><strong><span style=\"font-size: 16px;\">Spezifikation: <\/span><\/strong><\/p>\n<p><span style=\"font-size: 16px;\">Marke: bisinna<\/span><\/p>\n<p><span style=\"font-size: 16px;\">Farbe: Wei\u00df \/ Gr\u00fcn \/ Khaki \/ Orange<\/span><\/p>\n<p><span style=\"font-size: 16px;\">Hauptmaterial: 304 Edelstahl \/ Eisen<\/span><\/p>\n<p><span style=\"font-size: 16px;\">Paneel-Technologie: Drahtzug aus Edelstahl<\/span><\/p>\n<p><span style=\"font-size: 16px;\">Leistung: etwa 2800W<\/span><\/p>\n<p><span style=\"font-size: 16px;\">Gewicht: etwa 1,22 kg<\/span><\/p>\n<p><span style=\"font-size: 16px;\">Gr\u00f6\u00dfe: 19.3*19.3*9cm<\/span><\/p>\n<p>&nbsp;<\/p>\n<p>&nbsp;<\/p>\n<p><strong><span style=\"font-size: 16px;\">Hinweis: <\/span><\/strong><\/p>\n<p><span style=\"font-size: 16px;\">1. verwenden Sie dieses Produkt nicht in einem geschlossenen Raum, da es zu Kohlenmonoxidvergiftungen f\u00fchren kann. <\/span><\/p>\n<p><span style=\"font-size: 16px;\">2. es wird empfohlen, den Gastank mit einem Butangehalt von mehr als 95% zu verwenden. die Verwendung anderer Arten von Gastanks kann gef\u00e4hrlich sein.<\/span><\/p>\n<div class=\"detailmodule_html\">\n<div class=\"detail-desc-decorate-richtext\">\n<p><span style=\"font-size: 16px;\">3. maximaler Druck des Gases: 0,5mpa<\/span><\/p>\n<div><\/div>\n<\/div>\n<\/div>\n<p><span style=\"font-size: 16px;\">Schritte zur Gasinstallation:<\/span><\/p>\n<p><span style=\"font-size: 16px;\">1. Stellen Sie den Schalter auf \"OFF\".<\/span><\/p>\n<p><span style=\"font-size: 16px;\">2. Richten Sie die Kerbe am Kopf des Gasbeh\u00e4lters mit dem vorstehenden Teil des Magnetsaugventils aus<\/span><\/p>\n<p><span style=\"font-size: 16px;\">3. Stellen Sie sicher, dass die Ventile bei der Installation des Luftbeh\u00e4lters geschlossen sind. Schieben Sie den Luftbeh\u00e4lter unter Beobachtung auf das Ventil. Wenn nach dem Verriegeln ein Klicken zu h\u00f6ren ist und der Luftbeh\u00e4lter nicht hochspringt, ist er korrekt installiert.<\/span><\/p>\n<p><span style=\"font-size: 16px;\">4. Wenn der Drehschalter gez\u00fcndet wird, gibt er ein schnappendes Ger\u00e4usch von sich. Beobachten Sie, ob er gez\u00fcndet wird. Wenn es nicht z\u00fcndet, schlie\u00dfen Sie das Ventil und z\u00fcnden Sie es erneut. \u00d6ffnen Sie das Ventil nicht f\u00fcr l\u00e4ngere Zeit, wenn es nicht z\u00fcndet.<\/span><\/p>\n<p><span style=\"font-size: 16px;\">(Drehen Sie das Ventil gegen den Uhrzeigersinn, bis das elektronische Feuerzeug einen Ton von sich gibt)<\/span><\/p>\n<p>&nbsp;<\/p>\n<p><strong><span style=\"font-size: 16px;\">Inklusive Paket: <\/span><\/strong><\/p>\n<p><span style=\"font-size: 16px;\">Kassettenherd x1<\/span><\/p>\n<p><span style=\"font-size: 16px;\">Tragetasche x1<\/span><\/p>\n<p><img decoding=\"async\" src=\"https:\/\/ae01.alicdn.com\/kf\/S5ecf50083ceb47fa842731a075b3a8b3i.jpg\" \/><img decoding=\"async\" src=\"https:\/\/ae01.alicdn.com\/kf\/S77d2f2ebabdf4229bb402dfb33422e1c8.jpg\" \/><img decoding=\"async\" src=\"https:\/\/ae01.alicdn.com\/kf\/S287659002ee44a3e8a51b616a03a02efn.jpg\" \/><img decoding=\"async\" src=\"https:\/\/ae01.alicdn.com\/kf\/Sbe2e875caa584768875351c1e4c2c6bby.jpg\" \/><img decoding=\"async\" src=\"https:\/\/ae01.alicdn.com\/kf\/Sf5da79eb92c9426ea2af945b3c081de0R.jpg\" \/><img decoding=\"async\" src=\"https:\/\/ae01.alicdn.com\/kf\/S6f06f28b0bb749148e93b4e18ed284beX.jpg\" \/><img decoding=\"async\" src=\"https:\/\/ae01.alicdn.com\/kf\/S4d68f7d0f1a24f8f918f0e5b4f6d0925q.jpg\" \/><img decoding=\"async\" src=\"https:\/\/ae01.alicdn.com\/kf\/Se4c731de831147ab89453d7721640c13i.jpg\" \/><img decoding=\"async\" src=\"https:\/\/ae01.alicdn.com\/kf\/Se489ac1b5dcf4523955b998370106238x.jpg\" \/><img decoding=\"async\" src=\"https:\/\/ae01.alicdn.com\/kf\/Sbe92386ecbb143608ce83ce6ada12a85Y.jpg\" \/><img decoding=\"async\" src=\"https:\/\/ae01.alicdn.com\/kf\/Sd2bc46129975442eb0966bb89889171bo.png\" \/><img decoding=\"async\" src=\"https:\/\/ae01.alicdn.com\/kf\/S869016c3c36f48a5b5a3b49ea9812e62P.jpg\" \/><img decoding=\"async\" src=\"https:\/\/ae01.alicdn.com\/kf\/S72456598a2a543c8a6f47725c7b8da1bR.jpg\" \/><img decoding=\"async\" src=\"https:\/\/ae01.alicdn.com\/kf\/Sa54f2df7dd2341279f9eec48fd6125cfe.jpg\" \/><\/p>\n<\/div>\n<\/div>\n<p>&nbsp;<\/p>","protected":false},"excerpt":{"rendered":"<p>SPECIFICATIONS &nbsp; Brand Name: bisinna Origin: Mainland China Disposable: No With Ignition Device or Not: Included Type: Gas cartridge stove Hign-concerned Chemical: None Fuel: Butane Structure: One-Piece Usage Condition: Normal Outdoor Material: Stainless Steel Model: SK203 Choice: yes &nbsp; Features: 2800W High Firepower:Boiling water and tea fastly; Magnetic Gas Tank Connection: The gas tank will [&hellip;]<\/p>","protected":false},"featured_media":5720,"comment_status":"open","ping_status":"closed","template":"","meta":{"_uag_custom_page_level_css":""},"product_brand":[],"product_cat":[16],"product_tag":[],"class_list":{"0":"post-5730","1":"product","2":"type-product","3":"status-publish","4":"has-post-thumbnail","6":"product_cat-outdoor","8":"first","9":"instock","10":"featured","11":"shipping-taxable","12":"purchasable","13":"product-type-variable","14":"wvs-archive-product-wrapper"},"yoast_head":"<!-- This site is optimized with the Yoast SEO Premium plugin v23.4 (Yoast SEO v24.4) - https:\/\/yoast.com\/wordpress\/plugins\/seo\/ -->\n<title>BISINNA Camping Gas Stove 2800W High Firepower Portable Cassette Furnace Outdoor Gas Burner Picnic Camp - icoolbuy.<\/title>\n<meta name=\"robots\" content=\"index, follow, max-snippet:-1, max-image-preview:large, max-video-preview:-1\" \/>\n<link rel=\"canonical\" href=\"https:\/\/icoolbuy.com\/de\/produkt\/bisinna-camping-gas-stove-2800w-high-firepower-portable-cassette-furnace-outdoor-gas-burner-picnic-camp\/\" \/>\n<meta property=\"og:locale\" content=\"de_DE\" \/>\n<meta property=\"og:type\" content=\"article\" \/>\n<meta property=\"og:title\" content=\"BISINNA Camping Gas Stove 2800W High Firepower Portable Cassette Furnace Outdoor Gas Burner Picnic Camp\" \/>\n<meta property=\"og:description\" content=\"SPECIFICATIONS &nbsp; Brand Name: bisinna Origin: Mainland China Disposable: No With Ignition Device or Not: Included Type: Gas cartridge stove Hign-concerned Chemical: None Fuel: Butane Structure: One-Piece Usage Condition: Normal Outdoor Material: Stainless Steel Model: SK203 Choice: yes &nbsp; Features: 2800W High Firepower:Boiling water and tea fastly; Magnetic Gas Tank Connection: The gas tank will [&hellip;]\" \/>\n<meta property=\"og:url\" content=\"https:\/\/icoolbuy.com\/de\/produkt\/bisinna-camping-gas-stove-2800w-high-firepower-portable-cassette-furnace-outdoor-gas-burner-picnic-camp\/\" \/>\n<meta property=\"og:site_name\" content=\"icoolbuy.\" \/>\n<meta property=\"article:modified_time\" content=\"2025-06-03T23:51:49+00:00\" \/>\n<meta property=\"og:image\" content=\"https:\/\/icoolbuy.com\/wp-content\/uploads\/2024\/09\/Sfc1bbea0d7754242989859c90d9354de2.webp\" \/>\n\t<meta property=\"og:image:width\" content=\"1600\" \/>\n\t<meta property=\"og:image:height\" content=\"1600\" \/>\n\t<meta property=\"og:image:type\" content=\"image\/webp\" \/>\n<meta name=\"twitter:card\" content=\"summary_large_image\" \/>\n<meta name=\"twitter:label1\" content=\"Availability\" \/>\n\t<meta name=\"twitter:data1\" content=\"In stock\" \/>\n<script type=\"application\/ld+json\" class=\"yoast-schema-graph\">{\"@context\":\"https:\/\/schema.org\",\"@graph\":[{\"@type\":\"WebPage\",\"@id\":\"https:\/\/icoolbuy.com\/product\/bisinna-camping-gas-stove-2800w-high-firepower-portable-cassette-furnace-outdoor-gas-burner-picnic-camp\/\",\"url\":\"https:\/\/icoolbuy.com\/product\/bisinna-camping-gas-stove-2800w-high-firepower-portable-cassette-furnace-outdoor-gas-burner-picnic-camp\/\",\"name\":\"BISINNA Camping Gas Stove 2800W High Firepower Portable Cassette Furnace Outdoor Gas Burner Picnic Camp - icoolbuy.\",\"isPartOf\":{\"@id\":\"https:\/\/icoolbuy.com\/#website\"},\"primaryImageOfPage\":{\"@id\":\"https:\/\/icoolbuy.com\/product\/bisinna-camping-gas-stove-2800w-high-firepower-portable-cassette-furnace-outdoor-gas-burner-picnic-camp\/#primaryimage\"},\"image\":{\"@id\":\"https:\/\/icoolbuy.com\/product\/bisinna-camping-gas-stove-2800w-high-firepower-portable-cassette-furnace-outdoor-gas-burner-picnic-camp\/#primaryimage\"},\"thumbnailUrl\":\"https:\/\/icoolbuy.com\/wp-content\/uploads\/2024\/09\/Sfc1bbea0d7754242989859c90d9354de2.webp\",\"datePublished\":\"2024-09-27T04:50:00+00:00\",\"dateModified\":\"2025-06-03T23:51:49+00:00\",\"breadcrumb\":{\"@id\":\"https:\/\/icoolbuy.com\/product\/bisinna-camping-gas-stove-2800w-high-firepower-portable-cassette-furnace-outdoor-gas-burner-picnic-camp\/#breadcrumb\"},\"inLanguage\":\"de\",\"potentialAction\":[{\"@type\":\"ReadAction\",\"target\":[\"https:\/\/icoolbuy.com\/product\/bisinna-camping-gas-stove-2800w-high-firepower-portable-cassette-furnace-outdoor-gas-burner-picnic-camp\/\"]}]},{\"@type\":\"ImageObject\",\"inLanguage\":\"de\",\"@id\":\"https:\/\/icoolbuy.com\/product\/bisinna-camping-gas-stove-2800w-high-firepower-portable-cassette-furnace-outdoor-gas-burner-picnic-camp\/#primaryimage\",\"url\":\"https:\/\/icoolbuy.com\/wp-content\/uploads\/2024\/09\/Sfc1bbea0d7754242989859c90d9354de2.webp\",\"contentUrl\":\"https:\/\/icoolbuy.com\/wp-content\/uploads\/2024\/09\/Sfc1bbea0d7754242989859c90d9354de2.webp\",\"width\":1600,\"height\":1600},{\"@type\":\"BreadcrumbList\",\"@id\":\"https:\/\/icoolbuy.com\/product\/bisinna-camping-gas-stove-2800w-high-firepower-portable-cassette-furnace-outdoor-gas-burner-picnic-camp\/#breadcrumb\",\"itemListElement\":[{\"@type\":\"ListItem\",\"position\":1,\"name\":\"\u9996\u9875\",\"item\":\"https:\/\/icoolbuy.com\/\"},{\"@type\":\"ListItem\",\"position\":2,\"name\":\"Products\",\"item\":\"https:\/\/icoolbuy.com\/products\/\"},{\"@type\":\"ListItem\",\"position\":3,\"name\":\"BISINNA Camping Gas Stove 2800W High Firepower Portable Cassette Furnace Outdoor Gas Burner Picnic Camp\"}]},{\"@type\":\"WebSite\",\"@id\":\"https:\/\/icoolbuy.com\/#website\",\"url\":\"https:\/\/icoolbuy.com\/\",\"name\":\"icoolbuy.\",\"description\":\"Creative products\",\"publisher\":{\"@id\":\"https:\/\/icoolbuy.com\/#organization\"},\"potentialAction\":[{\"@type\":\"SearchAction\",\"target\":{\"@type\":\"EntryPoint\",\"urlTemplate\":\"https:\/\/icoolbuy.com\/?s={search_term_string}\"},\"query-input\":{\"@type\":\"PropertyValueSpecification\",\"valueRequired\":true,\"valueName\":\"search_term_string\"}}],\"inLanguage\":\"de\"},{\"@type\":\"Organization\",\"@id\":\"https:\/\/icoolbuy.com\/#organization\",\"name\":\"icoolbuy.\",\"url\":\"https:\/\/icoolbuy.com\/\",\"logo\":{\"@type\":\"ImageObject\",\"inLanguage\":\"de\",\"@id\":\"https:\/\/icoolbuy.com\/#\/schema\/logo\/image\/\",\"url\":\"https:\/\/icoolbuy.com\/wp-content\/uploads\/2024\/09\/12.png\",\"contentUrl\":\"https:\/\/icoolbuy.com\/wp-content\/uploads\/2024\/09\/12.png\",\"width\":638,\"height\":371,\"caption\":\"icoolbuy.\"},\"image\":{\"@id\":\"https:\/\/icoolbuy.com\/#\/schema\/logo\/image\/\"}}]}<\/script>\n<meta property=\"og:availability\" content=\"instock\" \/>\n<meta property=\"product:availability\" content=\"instock\" \/>\n<meta property=\"product:retailer_item_id\" content=\"crr3ig0l8tlg00eb1ud0\" \/>\n<meta property=\"product:condition\" content=\"new\" \/>\n<!-- \/ Yoast SEO Premium plugin. -->","yoast_head_json":{"title":"BISINNA Camping Gas Stove 2800W High Firepower Portable Cassette Furnace Outdoor Gas Burner Picnic Camp - icoolbuy.","robots":{"index":"index","follow":"follow","max-snippet":"max-snippet:-1","max-image-preview":"max-image-preview:large","max-video-preview":"max-video-preview:-1"},"canonical":"https:\/\/icoolbuy.com\/de\/produkt\/bisinna-camping-gas-stove-2800w-high-firepower-portable-cassette-furnace-outdoor-gas-burner-picnic-camp\/","og_locale":"de_DE","og_type":"article","og_title":"BISINNA Camping Gas Stove 2800W High Firepower Portable Cassette Furnace Outdoor Gas Burner Picnic Camp","og_description":"SPECIFICATIONS &nbsp; Brand Name: bisinna Origin: Mainland China Disposable: No With Ignition Device or Not: Included Type: Gas cartridge stove Hign-concerned Chemical: None Fuel: Butane Structure: One-Piece Usage Condition: Normal Outdoor Material: Stainless Steel Model: SK203 Choice: yes &nbsp; Features: 2800W High Firepower:Boiling water and tea fastly; Magnetic Gas Tank Connection: The gas tank will [&hellip;]","og_url":"https:\/\/icoolbuy.com\/de\/produkt\/bisinna-camping-gas-stove-2800w-high-firepower-portable-cassette-furnace-outdoor-gas-burner-picnic-camp\/","og_site_name":"icoolbuy.","article_modified_time":"2025-06-03T23:51:49+00:00","og_image":[{"width":1600,"height":1600,"url":"https:\/\/icoolbuy.com\/wp-content\/uploads\/2024\/09\/Sfc1bbea0d7754242989859c90d9354de2.webp","type":"image\/webp"}],"twitter_card":"summary_large_image","twitter_misc":{"Availability":"In stock"},"schema":{"@context":"https:\/\/schema.org","@graph":[{"@type":"WebPage","@id":"https:\/\/icoolbuy.com\/product\/bisinna-camping-gas-stove-2800w-high-firepower-portable-cassette-furnace-outdoor-gas-burner-picnic-camp\/","url":"https:\/\/icoolbuy.com\/product\/bisinna-camping-gas-stove-2800w-high-firepower-portable-cassette-furnace-outdoor-gas-burner-picnic-camp\/","name":"BISINNA Camping Gas Stove 2800W High Firepower Portable Cassette Furnace Outdoor Gas Burner Picnic Camp - icoolbuy.","isPartOf":{"@id":"https:\/\/icoolbuy.com\/#website"},"primaryImageOfPage":{"@id":"https:\/\/icoolbuy.com\/product\/bisinna-camping-gas-stove-2800w-high-firepower-portable-cassette-furnace-outdoor-gas-burner-picnic-camp\/#primaryimage"},"image":{"@id":"https:\/\/icoolbuy.com\/product\/bisinna-camping-gas-stove-2800w-high-firepower-portable-cassette-furnace-outdoor-gas-burner-picnic-camp\/#primaryimage"},"thumbnailUrl":"https:\/\/icoolbuy.com\/wp-content\/uploads\/2024\/09\/Sfc1bbea0d7754242989859c90d9354de2.webp","datePublished":"2024-09-27T04:50:00+00:00","dateModified":"2025-06-03T23:51:49+00:00","breadcrumb":{"@id":"https:\/\/icoolbuy.com\/product\/bisinna-camping-gas-stove-2800w-high-firepower-portable-cassette-furnace-outdoor-gas-burner-picnic-camp\/#breadcrumb"},"inLanguage":"de","potentialAction":[{"@type":"ReadAction","target":["https:\/\/icoolbuy.com\/product\/bisinna-camping-gas-stove-2800w-high-firepower-portable-cassette-furnace-outdoor-gas-burner-picnic-camp\/"]}]},{"@type":"ImageObject","inLanguage":"de","@id":"https:\/\/icoolbuy.com\/product\/bisinna-camping-gas-stove-2800w-high-firepower-portable-cassette-furnace-outdoor-gas-burner-picnic-camp\/#primaryimage","url":"https:\/\/icoolbuy.com\/wp-content\/uploads\/2024\/09\/Sfc1bbea0d7754242989859c90d9354de2.webp","contentUrl":"https:\/\/icoolbuy.com\/wp-content\/uploads\/2024\/09\/Sfc1bbea0d7754242989859c90d9354de2.webp","width":1600,"height":1600},{"@type":"BreadcrumbList","@id":"https:\/\/icoolbuy.com\/product\/bisinna-camping-gas-stove-2800w-high-firepower-portable-cassette-furnace-outdoor-gas-burner-picnic-camp\/#breadcrumb","itemListElement":[{"@type":"ListItem","position":1,"name":"\u9996\u9875","item":"https:\/\/icoolbuy.com\/"},{"@type":"ListItem","position":2,"name":"Products","item":"https:\/\/icoolbuy.com\/products\/"},{"@type":"ListItem","position":3,"name":"BISINNA Camping Gas Stove 2800W High Firepower Portable Cassette Furnace Outdoor Gas Burner Picnic Camp"}]},{"@type":"WebSite","@id":"https:\/\/icoolbuy.com\/#website","url":"https:\/\/icoolbuy.com\/","name":"icoolbuy.","description":"Creative products","publisher":{"@id":"https:\/\/icoolbuy.com\/#organization"},"potentialAction":[{"@type":"SearchAction","target":{"@type":"EntryPoint","urlTemplate":"https:\/\/icoolbuy.com\/?s={search_term_string}"},"query-input":{"@type":"PropertyValueSpecification","valueRequired":true,"valueName":"search_term_string"}}],"inLanguage":"de"},{"@type":"Organization","@id":"https:\/\/icoolbuy.com\/#organization","name":"icoolbuy.","url":"https:\/\/icoolbuy.com\/","logo":{"@type":"ImageObject","inLanguage":"de","@id":"https:\/\/icoolbuy.com\/#\/schema\/logo\/image\/","url":"https:\/\/icoolbuy.com\/wp-content\/uploads\/2024\/09\/12.png","contentUrl":"https:\/\/icoolbuy.com\/wp-content\/uploads\/2024\/09\/12.png","width":638,"height":371,"caption":"icoolbuy."},"image":{"@id":"https:\/\/icoolbuy.com\/#\/schema\/logo\/image\/"}}]},"og_availability":"instock","product_availability":"instock","product_retailer_item_id":"crr3ig0l8tlg00eb1ud0","product_condition":"new"},"uagb_featured_image_src":{"full":["https:\/\/icoolbuy.com\/wp-content\/uploads\/2024\/09\/Sfc1bbea0d7754242989859c90d9354de2.webp",1600,1600,false],"thumbnail":["https:\/\/icoolbuy.com\/wp-content\/uploads\/2024\/09\/Sfc1bbea0d7754242989859c90d9354de2-150x150.webp",150,150,true],"medium":["https:\/\/icoolbuy.com\/wp-content\/uploads\/2024\/09\/Sfc1bbea0d7754242989859c90d9354de2-300x300.webp",300,300,true],"medium_large":["https:\/\/icoolbuy.com\/wp-content\/uploads\/2024\/09\/Sfc1bbea0d7754242989859c90d9354de2-768x768.webp",768,768,true],"large":["https:\/\/icoolbuy.com\/wp-content\/uploads\/2024\/09\/Sfc1bbea0d7754242989859c90d9354de2-1024x1024.webp",1024,1024,true],"1536x1536":["https:\/\/icoolbuy.com\/wp-content\/uploads\/2024\/09\/Sfc1bbea0d7754242989859c90d9354de2-1536x1536.webp",1536,1536,true],"2048x2048":["https:\/\/icoolbuy.com\/wp-content\/uploads\/2024\/09\/Sfc1bbea0d7754242989859c90d9354de2.webp",1600,1600,false],"trp-custom-language-flag":["https:\/\/icoolbuy.com\/wp-content\/uploads\/2024\/09\/Sfc1bbea0d7754242989859c90d9354de2-12x12.webp",12,12,true],"woocommerce_archive_thumbnail":["https:\/\/icoolbuy.com\/wp-content\/uploads\/2024\/09\/Sfc1bbea0d7754242989859c90d9354de2-300x300.webp",300,300,true],"woocommerce_thumbnail":["https:\/\/icoolbuy.com\/wp-content\/uploads\/2024\/09\/Sfc1bbea0d7754242989859c90d9354de2-300x300.webp",300,300,true],"woocommerce_single":["https:\/\/icoolbuy.com\/wp-content\/uploads\/2024\/09\/Sfc1bbea0d7754242989859c90d9354de2-600x600.webp",600,600,true],"woocommerce_gallery_thumbnail":["https:\/\/icoolbuy.com\/wp-content\/uploads\/2024\/09\/Sfc1bbea0d7754242989859c90d9354de2-100x100.webp",100,100,true],"variation_swatches_image_size":["https:\/\/icoolbuy.com\/wp-content\/uploads\/2024\/09\/Sfc1bbea0d7754242989859c90d9354de2-50x50.webp",50,50,true],"variation_swatches_tooltip_size":["https:\/\/icoolbuy.com\/wp-content\/uploads\/2024\/09\/Sfc1bbea0d7754242989859c90d9354de2-100x100.webp",100,100,true]},"uagb_author_info":{"display_name":"lanfa39@163.com","author_link":"https:\/\/icoolbuy.com\/de\/author\/"},"uagb_comment_info":1,"uagb_excerpt":"SPECIFICATIONS &nbsp; Brand Name: bisinna Origin: Mainland China Disposable: No With Ignition Device or Not: Included Type: Gas cartridge stove Hign-concerned Chemical: None Fuel: Butane Structure: One-Piece Usage Condition: Normal Outdoor Material: Stainless Steel Model: SK203 Choice: yes &nbsp; Features: 2800W High Firepower:Boiling water and tea fastly; Magnetic Gas Tank Connection: The gas tank will&hellip;","_links":{"self":[{"href":"https:\/\/icoolbuy.com\/de\/wp-json\/wp\/v2\/product\/5730","targetHints":{"allow":["GET"]}}],"collection":[{"href":"https:\/\/icoolbuy.com\/de\/wp-json\/wp\/v2\/product"}],"about":[{"href":"https:\/\/icoolbuy.com\/de\/wp-json\/wp\/v2\/types\/product"}],"replies":[{"embeddable":true,"href":"https:\/\/icoolbuy.com\/de\/wp-json\/wp\/v2\/comments?post=5730"}],"wp:featuredmedia":[{"embeddable":true,"href":"https:\/\/icoolbuy.com\/de\/wp-json\/wp\/v2\/media\/5720"}],"wp:attachment":[{"href":"https:\/\/icoolbuy.com\/de\/wp-json\/wp\/v2\/media?parent=5730"}],"wp:term":[{"taxonomy":"product_brand","embeddable":true,"href":"https:\/\/icoolbuy.com\/de\/wp-json\/wp\/v2\/product_brand?post=5730"},{"taxonomy":"product_cat","embeddable":true,"href":"https:\/\/icoolbuy.com\/de\/wp-json\/wp\/v2\/product_cat?post=5730"},{"taxonomy":"product_tag","embeddable":true,"href":"https:\/\/icoolbuy.com\/de\/wp-json\/wp\/v2\/product_tag?post=5730"}],"curies":[{"name":"wp","href":"https:\/\/api.w.org\/{rel}","templated":true}]}}