{"id":5827,"date":"2024-09-30T02:03:18","date_gmt":"2024-09-30T02:03:18","guid":{"rendered":"https:\/\/icoolbuy.com\/?post_type=product&#038;p=5827"},"modified":"2025-08-06T01:06:25","modified_gmt":"2025-08-06T01:06:25","slug":"digital-camera-autofocus-camera-for-kid-camcorder-with-8x-zoom-compact-cameras-1080p-cameras-for-beginner-photography","status":"publish","type":"product","link":"https:\/\/icoolbuy.com\/de\/produkt\/digital-camera-autofocus-camera-for-kid-camcorder-with-8x-zoom-compact-cameras-1080p-cameras-for-beginner-photography\/","title":{"rendered":"Digitalkamera Autofokus Kamera f\u00fcr Kinder Camcorder mit 8x Zoom Kompaktkameras 1080P Kameras f\u00fcr Anf\u00e4nger Fotografie"},"content":{"rendered":"<h1>SPEZIFIKATIONEN<\/h1>\n<p>&nbsp;<\/p>\n<p>Markenname: <span style=\"color: #333;\">K\u00dcHLES LICHT<\/span><\/p>\n<p>Optischer Zoom: <span style=\"color: #333;\">7.1x - 16x<\/span><\/p>\n<p>Typ des Sensorelements: <span style=\"color: #333;\">CCD<\/span><\/p>\n<p>Besonderes Merkmal: <span style=\"color: #333;\">Keine<\/span><\/p>\n<p>Sensorgr\u00f6\u00dfe (Zoll): <span style=\"color: #333;\">1\/1,6 Zoll<\/span><\/p>\n<p>Bildstabilisierung: <span style=\"color: #333;\">Nein<\/span><\/p>\n<p>Hign-concerned Chemical: <span style=\"color: #333;\">Keine<\/span><\/p>\n<p>Herkunft: <span style=\"color: #333;\">Festland China<\/span><\/p>\n<p>Bildaufl\u00f6sung (Video): <span style=\"color: #333;\">1080i\/P\uff081920*1080\uff09<\/span><\/p>\n<p>Brennweite: <span style=\"color: #333;\">5-40 mm<\/span><\/p>\n<p>Effektive MegaPixel: <span style=\"color: #333;\">24MP<\/span><\/p>\n<p>Die Wahl: <span style=\"color: #333;\">ja<\/span><\/p>\n<p>&nbsp;<\/p>\n<p><img decoding=\"async\" src=\"https:\/\/ae01.alicdn.com\/kf\/S312a307e1a5b416783ef6559b20d2d8cC.jpg\" \/><img decoding=\"async\" src=\"https:\/\/ae01.alicdn.com\/kf\/S08e1f88fa37b47f2bfba2eadcb8bd5deN.jpg\" \/><img decoding=\"async\" src=\"https:\/\/ae01.alicdn.com\/kf\/Sb59ec8ca712c4173bea86150b4a90418w.jpg\" \/><img decoding=\"async\" src=\"https:\/\/ae01.alicdn.com\/kf\/S88209e133a7c488f83a0cec111cc20c1d.jpg\" \/><img decoding=\"async\" src=\"https:\/\/ae01.alicdn.com\/kf\/Sf088f71beab841f7b1d289994784278ec.jpg\" \/><img decoding=\"async\" src=\"https:\/\/ae01.alicdn.com\/kf\/S25df6dd823974ffa9a2e0c7cc0ec3c46L.jpg\" \/><img decoding=\"async\" src=\"https:\/\/ae01.alicdn.com\/kf\/S9a3ab41082194399b67e83035c67740am.jpg\" \/><img decoding=\"async\" src=\"https:\/\/ae01.alicdn.com\/kf\/Seba57157812847428e65445003624c934.jpg\" \/><img decoding=\"async\" src=\"https:\/\/ae01.alicdn.com\/kf\/Sa46b5f959009446d839f020c522cb2968.jpg\" \/><img decoding=\"async\" src=\"https:\/\/ae01.alicdn.com\/kf\/S818dd800a5d44bdbbc9cff689d684d18g.jpg\" \/><\/p>","protected":false},"excerpt":{"rendered":"<p>SPECIFICATIONS &nbsp; Brand Name: CHILL LIGHT Optical Zoom: 7.1x &#8211; 16x Sensor Element Type: CCD Special Feature: None Sensor Size (inches): 1\/1.6 inches Image Stabilization: No Hign-concerned Chemical: None Origin: Mainland China Image Resolution (Video): 1080i\/P\uff081920*1080\uff09 Focal Length: 5-40 mm Effective MegaPixel: 24MP Choice: yes &nbsp;<\/p>","protected":false},"featured_media":5793,"comment_status":"open","ping_status":"closed","template":"","meta":{"_uag_custom_page_level_css":""},"product_brand":[],"product_cat":[48],"product_tag":[],"class_list":{"0":"post-5827","1":"product","2":"type-product","3":"status-publish","4":"has-post-thumbnail","6":"product_cat-electronic","8":"first","9":"instock","10":"featured","11":"shipping-taxable","12":"purchasable","13":"product-type-variable","14":"wvs-archive-product-wrapper"},"yoast_head":"<!-- This site is optimized with the Yoast SEO Premium plugin v23.4 (Yoast SEO v24.4) - https:\/\/yoast.com\/wordpress\/plugins\/seo\/ -->\n<title>Digital Camera Autofocus Camera for Kid Camcorder with 8x Zoom Compact Cameras 1080P Cameras for Beginner Photography - icoolbuy.<\/title>\n<meta name=\"robots\" content=\"index, follow, max-snippet:-1, max-image-preview:large, max-video-preview:-1\" \/>\n<link rel=\"canonical\" href=\"https:\/\/icoolbuy.com\/de\/produkt\/digital-camera-autofocus-camera-for-kid-camcorder-with-8x-zoom-compact-cameras-1080p-cameras-for-beginner-photography\/\" \/>\n<meta property=\"og:locale\" content=\"de_DE\" \/>\n<meta property=\"og:type\" content=\"article\" \/>\n<meta property=\"og:title\" content=\"Digital Camera Autofocus Camera for Kid Camcorder with 8x Zoom Compact Cameras 1080P Cameras for Beginner Photography\" \/>\n<meta property=\"og:description\" content=\"SPECIFICATIONS &nbsp; Brand Name: CHILL LIGHT Optical Zoom: 7.1x &#8211; 16x Sensor Element Type: CCD Special Feature: None Sensor Size (inches): 1\/1.6 inches Image Stabilization: No Hign-concerned Chemical: None Origin: Mainland China Image Resolution (Video): 1080i\/P\uff081920*1080\uff09 Focal Length: 5-40 mm Effective MegaPixel: 24MP Choice: yes &nbsp;\" \/>\n<meta property=\"og:url\" content=\"https:\/\/icoolbuy.com\/de\/produkt\/digital-camera-autofocus-camera-for-kid-camcorder-with-8x-zoom-compact-cameras-1080p-cameras-for-beginner-photography\/\" \/>\n<meta property=\"og:site_name\" content=\"icoolbuy.\" \/>\n<meta property=\"article:modified_time\" content=\"2025-08-06T01:06:25+00:00\" \/>\n<meta property=\"og:image\" content=\"https:\/\/icoolbuy.com\/wp-content\/uploads\/2024\/09\/S7d3ca50dc9634fd4be57b00520876f99K.webp\" \/>\n\t<meta property=\"og:image:width\" content=\"1000\" \/>\n\t<meta property=\"og:image:height\" content=\"1000\" \/>\n\t<meta property=\"og:image:type\" content=\"image\/webp\" \/>\n<meta name=\"twitter:card\" content=\"summary_large_image\" \/>\n<meta name=\"twitter:label1\" content=\"Availability\" \/>\n\t<meta name=\"twitter:data1\" content=\"In stock\" \/>\n<script type=\"application\/ld+json\" class=\"yoast-schema-graph\">{\"@context\":\"https:\/\/schema.org\",\"@graph\":[{\"@type\":\"WebPage\",\"@id\":\"https:\/\/icoolbuy.com\/product\/digital-camera-autofocus-camera-for-kid-camcorder-with-8x-zoom-compact-cameras-1080p-cameras-for-beginner-photography\/\",\"url\":\"https:\/\/icoolbuy.com\/product\/digital-camera-autofocus-camera-for-kid-camcorder-with-8x-zoom-compact-cameras-1080p-cameras-for-beginner-photography\/\",\"name\":\"Digital Camera Autofocus Camera for Kid Camcorder with 8x Zoom Compact Cameras 1080P Cameras for Beginner Photography - icoolbuy.\",\"isPartOf\":{\"@id\":\"https:\/\/icoolbuy.com\/#website\"},\"primaryImageOfPage\":{\"@id\":\"https:\/\/icoolbuy.com\/product\/digital-camera-autofocus-camera-for-kid-camcorder-with-8x-zoom-compact-cameras-1080p-cameras-for-beginner-photography\/#primaryimage\"},\"image\":{\"@id\":\"https:\/\/icoolbuy.com\/product\/digital-camera-autofocus-camera-for-kid-camcorder-with-8x-zoom-compact-cameras-1080p-cameras-for-beginner-photography\/#primaryimage\"},\"thumbnailUrl\":\"https:\/\/icoolbuy.com\/wp-content\/uploads\/2024\/09\/S7d3ca50dc9634fd4be57b00520876f99K.webp\",\"datePublished\":\"2024-09-30T02:03:18+00:00\",\"dateModified\":\"2025-08-06T01:06:25+00:00\",\"breadcrumb\":{\"@id\":\"https:\/\/icoolbuy.com\/product\/digital-camera-autofocus-camera-for-kid-camcorder-with-8x-zoom-compact-cameras-1080p-cameras-for-beginner-photography\/#breadcrumb\"},\"inLanguage\":\"de\",\"potentialAction\":[{\"@type\":\"ReadAction\",\"target\":[\"https:\/\/icoolbuy.com\/product\/digital-camera-autofocus-camera-for-kid-camcorder-with-8x-zoom-compact-cameras-1080p-cameras-for-beginner-photography\/\"]}]},{\"@type\":\"ImageObject\",\"inLanguage\":\"de\",\"@id\":\"https:\/\/icoolbuy.com\/product\/digital-camera-autofocus-camera-for-kid-camcorder-with-8x-zoom-compact-cameras-1080p-cameras-for-beginner-photography\/#primaryimage\",\"url\":\"https:\/\/icoolbuy.com\/wp-content\/uploads\/2024\/09\/S7d3ca50dc9634fd4be57b00520876f99K.webp\",\"contentUrl\":\"https:\/\/icoolbuy.com\/wp-content\/uploads\/2024\/09\/S7d3ca50dc9634fd4be57b00520876f99K.webp\",\"width\":1000,\"height\":1000},{\"@type\":\"BreadcrumbList\",\"@id\":\"https:\/\/icoolbuy.com\/product\/digital-camera-autofocus-camera-for-kid-camcorder-with-8x-zoom-compact-cameras-1080p-cameras-for-beginner-photography\/#breadcrumb\",\"itemListElement\":[{\"@type\":\"ListItem\",\"position\":1,\"name\":\"\u9996\u9875\",\"item\":\"https:\/\/icoolbuy.com\/\"},{\"@type\":\"ListItem\",\"position\":2,\"name\":\"Products\",\"item\":\"https:\/\/icoolbuy.com\/products\/\"},{\"@type\":\"ListItem\",\"position\":3,\"name\":\"Digital Camera Autofocus Camera for Kid Camcorder with 8x Zoom Compact Cameras 1080P Cameras for Beginner Photography\"}]},{\"@type\":\"WebSite\",\"@id\":\"https:\/\/icoolbuy.com\/#website\",\"url\":\"https:\/\/icoolbuy.com\/\",\"name\":\"icoolbuy.\",\"description\":\"Creative products\",\"publisher\":{\"@id\":\"https:\/\/icoolbuy.com\/#organization\"},\"potentialAction\":[{\"@type\":\"SearchAction\",\"target\":{\"@type\":\"EntryPoint\",\"urlTemplate\":\"https:\/\/icoolbuy.com\/?s={search_term_string}\"},\"query-input\":{\"@type\":\"PropertyValueSpecification\",\"valueRequired\":true,\"valueName\":\"search_term_string\"}}],\"inLanguage\":\"de\"},{\"@type\":\"Organization\",\"@id\":\"https:\/\/icoolbuy.com\/#organization\",\"name\":\"icoolbuy.\",\"url\":\"https:\/\/icoolbuy.com\/\",\"logo\":{\"@type\":\"ImageObject\",\"inLanguage\":\"de\",\"@id\":\"https:\/\/icoolbuy.com\/#\/schema\/logo\/image\/\",\"url\":\"https:\/\/icoolbuy.com\/wp-content\/uploads\/2024\/09\/12.png\",\"contentUrl\":\"https:\/\/icoolbuy.com\/wp-content\/uploads\/2024\/09\/12.png\",\"width\":638,\"height\":371,\"caption\":\"icoolbuy.\"},\"image\":{\"@id\":\"https:\/\/icoolbuy.com\/#\/schema\/logo\/image\/\"}}]}<\/script>\n<meta property=\"og:availability\" content=\"instock\" \/>\n<meta property=\"product:availability\" content=\"instock\" \/>\n<meta property=\"product:retailer_item_id\" content=\"crt0df4mv1pg00flh8ug\" \/>\n<meta property=\"product:condition\" content=\"new\" \/>\n<!-- \/ Yoast SEO Premium plugin. -->","yoast_head_json":{"title":"Digital Camera Autofocus Camera for Kid Camcorder with 8x Zoom Compact Cameras 1080P Cameras for Beginner Photography - icoolbuy.","robots":{"index":"index","follow":"follow","max-snippet":"max-snippet:-1","max-image-preview":"max-image-preview:large","max-video-preview":"max-video-preview:-1"},"canonical":"https:\/\/icoolbuy.com\/de\/produkt\/digital-camera-autofocus-camera-for-kid-camcorder-with-8x-zoom-compact-cameras-1080p-cameras-for-beginner-photography\/","og_locale":"de_DE","og_type":"article","og_title":"Digital Camera Autofocus Camera for Kid Camcorder with 8x Zoom Compact Cameras 1080P Cameras for Beginner Photography","og_description":"SPECIFICATIONS &nbsp; Brand Name: CHILL LIGHT Optical Zoom: 7.1x &#8211; 16x Sensor Element Type: CCD Special Feature: None Sensor Size (inches): 1\/1.6 inches Image Stabilization: No Hign-concerned Chemical: None Origin: Mainland China Image Resolution (Video): 1080i\/P\uff081920*1080\uff09 Focal Length: 5-40 mm Effective MegaPixel: 24MP Choice: yes &nbsp;","og_url":"https:\/\/icoolbuy.com\/de\/produkt\/digital-camera-autofocus-camera-for-kid-camcorder-with-8x-zoom-compact-cameras-1080p-cameras-for-beginner-photography\/","og_site_name":"icoolbuy.","article_modified_time":"2025-08-06T01:06:25+00:00","og_image":[{"width":1000,"height":1000,"url":"https:\/\/icoolbuy.com\/wp-content\/uploads\/2024\/09\/S7d3ca50dc9634fd4be57b00520876f99K.webp","type":"image\/webp"}],"twitter_card":"summary_large_image","twitter_misc":{"Availability":"In stock"},"schema":{"@context":"https:\/\/schema.org","@graph":[{"@type":"WebPage","@id":"https:\/\/icoolbuy.com\/product\/digital-camera-autofocus-camera-for-kid-camcorder-with-8x-zoom-compact-cameras-1080p-cameras-for-beginner-photography\/","url":"https:\/\/icoolbuy.com\/product\/digital-camera-autofocus-camera-for-kid-camcorder-with-8x-zoom-compact-cameras-1080p-cameras-for-beginner-photography\/","name":"Digital Camera Autofocus Camera for Kid Camcorder with 8x Zoom Compact Cameras 1080P Cameras for Beginner Photography - icoolbuy.","isPartOf":{"@id":"https:\/\/icoolbuy.com\/#website"},"primaryImageOfPage":{"@id":"https:\/\/icoolbuy.com\/product\/digital-camera-autofocus-camera-for-kid-camcorder-with-8x-zoom-compact-cameras-1080p-cameras-for-beginner-photography\/#primaryimage"},"image":{"@id":"https:\/\/icoolbuy.com\/product\/digital-camera-autofocus-camera-for-kid-camcorder-with-8x-zoom-compact-cameras-1080p-cameras-for-beginner-photography\/#primaryimage"},"thumbnailUrl":"https:\/\/icoolbuy.com\/wp-content\/uploads\/2024\/09\/S7d3ca50dc9634fd4be57b00520876f99K.webp","datePublished":"2024-09-30T02:03:18+00:00","dateModified":"2025-08-06T01:06:25+00:00","breadcrumb":{"@id":"https:\/\/icoolbuy.com\/product\/digital-camera-autofocus-camera-for-kid-camcorder-with-8x-zoom-compact-cameras-1080p-cameras-for-beginner-photography\/#breadcrumb"},"inLanguage":"de","potentialAction":[{"@type":"ReadAction","target":["https:\/\/icoolbuy.com\/product\/digital-camera-autofocus-camera-for-kid-camcorder-with-8x-zoom-compact-cameras-1080p-cameras-for-beginner-photography\/"]}]},{"@type":"ImageObject","inLanguage":"de","@id":"https:\/\/icoolbuy.com\/product\/digital-camera-autofocus-camera-for-kid-camcorder-with-8x-zoom-compact-cameras-1080p-cameras-for-beginner-photography\/#primaryimage","url":"https:\/\/icoolbuy.com\/wp-content\/uploads\/2024\/09\/S7d3ca50dc9634fd4be57b00520876f99K.webp","contentUrl":"https:\/\/icoolbuy.com\/wp-content\/uploads\/2024\/09\/S7d3ca50dc9634fd4be57b00520876f99K.webp","width":1000,"height":1000},{"@type":"BreadcrumbList","@id":"https:\/\/icoolbuy.com\/product\/digital-camera-autofocus-camera-for-kid-camcorder-with-8x-zoom-compact-cameras-1080p-cameras-for-beginner-photography\/#breadcrumb","itemListElement":[{"@type":"ListItem","position":1,"name":"\u9996\u9875","item":"https:\/\/icoolbuy.com\/"},{"@type":"ListItem","position":2,"name":"Products","item":"https:\/\/icoolbuy.com\/products\/"},{"@type":"ListItem","position":3,"name":"Digital Camera Autofocus Camera for Kid Camcorder with 8x Zoom Compact Cameras 1080P Cameras for Beginner Photography"}]},{"@type":"WebSite","@id":"https:\/\/icoolbuy.com\/#website","url":"https:\/\/icoolbuy.com\/","name":"icoolbuy.","description":"Creative products","publisher":{"@id":"https:\/\/icoolbuy.com\/#organization"},"potentialAction":[{"@type":"SearchAction","target":{"@type":"EntryPoint","urlTemplate":"https:\/\/icoolbuy.com\/?s={search_term_string}"},"query-input":{"@type":"PropertyValueSpecification","valueRequired":true,"valueName":"search_term_string"}}],"inLanguage":"de"},{"@type":"Organization","@id":"https:\/\/icoolbuy.com\/#organization","name":"icoolbuy.","url":"https:\/\/icoolbuy.com\/","logo":{"@type":"ImageObject","inLanguage":"de","@id":"https:\/\/icoolbuy.com\/#\/schema\/logo\/image\/","url":"https:\/\/icoolbuy.com\/wp-content\/uploads\/2024\/09\/12.png","contentUrl":"https:\/\/icoolbuy.com\/wp-content\/uploads\/2024\/09\/12.png","width":638,"height":371,"caption":"icoolbuy."},"image":{"@id":"https:\/\/icoolbuy.com\/#\/schema\/logo\/image\/"}}]},"og_availability":"instock","product_availability":"instock","product_retailer_item_id":"crt0df4mv1pg00flh8ug","product_condition":"new"},"uagb_featured_image_src":{"full":["https:\/\/icoolbuy.com\/wp-content\/uploads\/2024\/09\/S7d3ca50dc9634fd4be57b00520876f99K.webp",1000,1000,false],"thumbnail":["https:\/\/icoolbuy.com\/wp-content\/uploads\/2024\/09\/S7d3ca50dc9634fd4be57b00520876f99K-150x150.webp",150,150,true],"medium":["https:\/\/icoolbuy.com\/wp-content\/uploads\/2024\/09\/S7d3ca50dc9634fd4be57b00520876f99K-300x300.webp",300,300,true],"medium_large":["https:\/\/icoolbuy.com\/wp-content\/uploads\/2024\/09\/S7d3ca50dc9634fd4be57b00520876f99K-768x768.webp",768,768,true],"large":["https:\/\/icoolbuy.com\/wp-content\/uploads\/2024\/09\/S7d3ca50dc9634fd4be57b00520876f99K.webp",1000,1000,false],"1536x1536":["https:\/\/icoolbuy.com\/wp-content\/uploads\/2024\/09\/S7d3ca50dc9634fd4be57b00520876f99K.webp",1000,1000,false],"2048x2048":["https:\/\/icoolbuy.com\/wp-content\/uploads\/2024\/09\/S7d3ca50dc9634fd4be57b00520876f99K.webp",1000,1000,false],"trp-custom-language-flag":["https:\/\/icoolbuy.com\/wp-content\/uploads\/2024\/09\/S7d3ca50dc9634fd4be57b00520876f99K-12x12.webp",12,12,true],"woocommerce_archive_thumbnail":["https:\/\/icoolbuy.com\/wp-content\/uploads\/2024\/09\/S7d3ca50dc9634fd4be57b00520876f99K-300x300.webp",300,300,true],"woocommerce_thumbnail":["https:\/\/icoolbuy.com\/wp-content\/uploads\/2024\/09\/S7d3ca50dc9634fd4be57b00520876f99K-300x300.webp",300,300,true],"woocommerce_single":["https:\/\/icoolbuy.com\/wp-content\/uploads\/2024\/09\/S7d3ca50dc9634fd4be57b00520876f99K-600x600.webp",600,600,true],"woocommerce_gallery_thumbnail":["https:\/\/icoolbuy.com\/wp-content\/uploads\/2024\/09\/S7d3ca50dc9634fd4be57b00520876f99K-100x100.webp",100,100,true],"variation_swatches_image_size":["https:\/\/icoolbuy.com\/wp-content\/uploads\/2024\/09\/S7d3ca50dc9634fd4be57b00520876f99K-50x50.webp",50,50,true],"variation_swatches_tooltip_size":["https:\/\/icoolbuy.com\/wp-content\/uploads\/2024\/09\/S7d3ca50dc9634fd4be57b00520876f99K-100x100.webp",100,100,true]},"uagb_author_info":{"display_name":"lanfa39@163.com","author_link":"https:\/\/icoolbuy.com\/de\/author\/"},"uagb_comment_info":5,"uagb_excerpt":"SPECIFICATIONS &nbsp; Brand Name: CHILL LIGHT Optical Zoom: 7.1x &#8211; 16x Sensor Element Type: CCD Special Feature: None Sensor Size (inches): 1\/1.6 inches Image Stabilization: No Hign-concerned Chemical: None Origin: Mainland China Image Resolution (Video): 1080i\/P\uff081920*1080\uff09 Focal Length: 5-40 mm Effective MegaPixel: 24MP Choice: yes &nbsp;","_links":{"self":[{"href":"https:\/\/icoolbuy.com\/de\/wp-json\/wp\/v2\/product\/5827","targetHints":{"allow":["GET"]}}],"collection":[{"href":"https:\/\/icoolbuy.com\/de\/wp-json\/wp\/v2\/product"}],"about":[{"href":"https:\/\/icoolbuy.com\/de\/wp-json\/wp\/v2\/types\/product"}],"replies":[{"embeddable":true,"href":"https:\/\/icoolbuy.com\/de\/wp-json\/wp\/v2\/comments?post=5827"}],"wp:featuredmedia":[{"embeddable":true,"href":"https:\/\/icoolbuy.com\/de\/wp-json\/wp\/v2\/media\/5793"}],"wp:attachment":[{"href":"https:\/\/icoolbuy.com\/de\/wp-json\/wp\/v2\/media?parent=5827"}],"wp:term":[{"taxonomy":"product_brand","embeddable":true,"href":"https:\/\/icoolbuy.com\/de\/wp-json\/wp\/v2\/product_brand?post=5827"},{"taxonomy":"product_cat","embeddable":true,"href":"https:\/\/icoolbuy.com\/de\/wp-json\/wp\/v2\/product_cat?post=5827"},{"taxonomy":"product_tag","embeddable":true,"href":"https:\/\/icoolbuy.com\/de\/wp-json\/wp\/v2\/product_tag?post=5827"}],"curies":[{"name":"wp","href":"https:\/\/api.w.org\/{rel}","templated":true}]}}