{"id":5935,"date":"2024-10-14T07:11:10","date_gmt":"2024-10-14T07:11:10","guid":{"rendered":"https:\/\/icoolbuy.com\/?post_type=product&#038;p=5935"},"modified":"2024-10-14T08:52:25","modified_gmt":"2024-10-14T08:52:25","slug":"bisinna-multi-functional-camping-stove-bbq-charcoal-grill-portable-burner-outdoor-camp-picnic","status":"publish","type":"product","link":"https:\/\/icoolbuy.com\/de\/produkt\/bisinna-multi-functional-camping-stove-bbq-charcoal-grill-portable-burner-outdoor-camp-picnic\/","title":{"rendered":"BISINNA Multifunktionale Camping Herd BBQ Holzkohle Grill Portable Brenner Outdoor Camp Picknick"},"content":{"rendered":"<h1>SPEZIFIKATIONEN<\/h1>\n<p>&nbsp;<\/p>\n<p>Markenname: <span style=\"color: #333;\">bisinna<\/span><\/p>\n<p>Herkunft: <span style=\"color: #333;\">Festland China<\/span><\/p>\n<p>Wegwerfbar: <span style=\"color: #333;\">Nein<\/span><\/p>\n<p>Mit oder ohne Z\u00fcndvorrichtung: <span style=\"color: #333;\">Nicht inbegriffen<\/span><\/p>\n<p>Art: <span style=\"color: #333;\">Anderer Herd<\/span><\/p>\n<p>Hign-concerned Chemical: <span style=\"color: #333;\">Keine<\/span><\/p>\n<p>Kraftstoff: <span style=\"color: #333;\">Holzkohle<\/span><\/p>\n<p>St\u00fcck Anzahl der Windabweiser: <span style=\"color: #333;\">Kein Windschutz<\/span><\/p>\n<p>Struktur: <span style=\"color: #333;\">SPLIT<\/span><\/p>\n<p>Bedingung f\u00fcr die Verwendung: <span style=\"color: #333;\">Normal im Freien<\/span><\/p>\n<p>Material: <span style=\"color: #333;\">Metall<\/span><\/p>\n<p>Modell: <span style=\"color: #333;\">SK201<\/span><\/p>\n<p>Die Wahl: <span style=\"color: #333;\">ja<\/span><\/p>\n<p>&nbsp;<\/p>\n<p><strong><span style=\"font-size: 16px;\">Merkmale:<\/span><\/strong><\/p>\n<p><span style=\"font-size: 16px;\">Schublade Kohlekasten: Einfach zu ziehen Platz Holzkohle und gie\u00dfen Holzkohle Asche;<\/span><\/p>\n<p><span style=\"font-size: 16px;\">Hervorragende W\u00e4rmeableitung: 20 L\u00fcftungs\u00f6ffnungen auf beiden Seiten, Luftkonvektion f\u00fcr leichteres Bef\u00fcllen des Grills<\/span><\/p>\n<p><span style=\"font-size: 16px;\">\u00a0<\/span><\/p>\n<p><strong><span style=\"font-size: 16px;\">Spezifikation:<\/span><\/strong><\/p>\n<p><span style=\"font-size: 16px;\">Farbe:Schwarz\/Wei\u00df <\/span><\/p>\n<p><span style=\"font-size: 16px;\">Material: Eisen <\/span><\/p>\n<p><span style=\"font-size: 16px;\">Gr\u00f6\u00dfe:35x31x17cm<\/span><\/p>\n<p><span style=\"font-size: 16px;\">Gewicht: etwa 2,0 kg (A1)\/ 2,53 kg (A2)<\/span><\/p>\n<p><span style=\"font-size: 16px;\">\u00a0<\/span><\/p>\n<p><strong><span style=\"font-size: 16px;\">Inklusive Paket:<\/span><\/strong><\/p>\n<p><span style=\"font-size: 16px;\">A1: Herd x1 <\/span><\/p>\n<p><span style=\"font-size: 16px;\">Grillnetz x1<\/span><\/p>\n<p><span style=\"font-size: 16px;\">Netzpicker x1<\/span><\/p>\n<p><span style=\"font-size: 16px;\">A2: Herd x1 <\/span><\/p>\n<p><span style=\"font-size: 16px;\">Grillnetz x1<\/span><\/p>\n<p><span style=\"font-size: 16px;\">Netzpicker x1<\/span><\/p>\n<p><span style=\"font-size: 16px;\">Bratpfanne x1<\/span><\/p>\n<p><span style=\"font-size: 16px;\">\u00a0<\/span><\/p>\n<p><strong><span style=\"font-size: 16px;\">Hinweis:<\/span><\/strong><\/p>\n<p><span style=\"font-size: 16px;\">Die oben genannten Daten sind nur als Referenz, bitte vorbehaltlich der realen Objekt.<\/span><\/p>\n<p><img decoding=\"async\" src=\"https:\/\/ae01.alicdn.com\/kf\/S6563e14fef824dd1a181f2df775f2b1ae.jpg\" \/><img decoding=\"async\" src=\"https:\/\/ae01.alicdn.com\/kf\/S5a0f5d0a85ca407881d4764e93688470x.jpg\" \/><img decoding=\"async\" src=\"https:\/\/ae01.alicdn.com\/kf\/Sce19aa2910dc486c8256851abba78118X.jpg\" \/><img decoding=\"async\" src=\"https:\/\/ae01.alicdn.com\/kf\/S2f51e590e00d4d9397c8020d7d2e78eaB.jpg\" \/><img decoding=\"async\" src=\"https:\/\/ae01.alicdn.com\/kf\/S82f4080be67c4033a5ed4d625d23de4fJ.jpg\" \/><img decoding=\"async\" src=\"https:\/\/ae01.alicdn.com\/kf\/Sc465d7ddbfa54b0f99b5d28a33a33849H.jpg\" \/><img decoding=\"async\" src=\"https:\/\/ae01.alicdn.com\/kf\/Sf9f9634552b54d71a90f9b932e417db35.jpg\" \/><img decoding=\"async\" src=\"https:\/\/ae01.alicdn.com\/kf\/Sf3fa2fe9f42a4ce38c5a3c5a5bb68f2dk.jpg\" \/><\/p>","protected":false},"excerpt":{"rendered":"<p>SPECIFICATIONS &nbsp; Brand Name: bisinna Origin: Mainland China Disposable: No With Ignition Device or Not: Not Included Type: Other Stove Hign-concerned Chemical: None Fuel: Charcoal Piece Number Of Wind Deflector: No wind shield Structure: SPLIT Usage Condition: Normal Outdoor Material: Metal Model: SK201 Choice: yes &nbsp; Features: Drawer Carbon Box: Easy to pull place charcoal [&hellip;]<\/p>","protected":false},"featured_media":5916,"comment_status":"open","ping_status":"closed","template":"","meta":{"_uag_custom_page_level_css":""},"product_brand":[],"product_cat":[16],"product_tag":[],"class_list":{"0":"post-5935","1":"product","2":"type-product","3":"status-publish","4":"has-post-thumbnail","6":"product_cat-outdoor","8":"first","9":"instock","10":"shipping-taxable","11":"purchasable","12":"product-type-variable","13":"wvs-archive-product-wrapper"},"yoast_head":"<!-- This site is optimized with the Yoast SEO Premium plugin v23.4 (Yoast SEO v24.4) - https:\/\/yoast.com\/wordpress\/plugins\/seo\/ -->\n<title>BISINNA Multi-functional Camping Stove BBQ Charcoal Grill Portable Burner Outdoor Camp Picnic - icoolbuy.<\/title>\n<meta name=\"robots\" content=\"index, follow, max-snippet:-1, max-image-preview:large, max-video-preview:-1\" \/>\n<link rel=\"canonical\" href=\"https:\/\/icoolbuy.com\/de\/produkt\/bisinna-multi-functional-camping-stove-bbq-charcoal-grill-portable-burner-outdoor-camp-picnic\/\" \/>\n<meta property=\"og:locale\" content=\"de_DE\" \/>\n<meta property=\"og:type\" content=\"article\" \/>\n<meta property=\"og:title\" content=\"BISINNA Multi-functional Camping Stove BBQ Charcoal Grill Portable Burner Outdoor Camp Picnic\" \/>\n<meta property=\"og:description\" content=\"SPECIFICATIONS &nbsp; Brand Name: bisinna Origin: Mainland China Disposable: No With Ignition Device or Not: Not Included Type: Other Stove Hign-concerned Chemical: None Fuel: Charcoal Piece Number Of Wind Deflector: No wind shield Structure: SPLIT Usage Condition: Normal Outdoor Material: Metal Model: SK201 Choice: yes &nbsp; Features: Drawer Carbon Box: Easy to pull place charcoal [&hellip;]\" \/>\n<meta property=\"og:url\" content=\"https:\/\/icoolbuy.com\/de\/produkt\/bisinna-multi-functional-camping-stove-bbq-charcoal-grill-portable-burner-outdoor-camp-picnic\/\" \/>\n<meta property=\"og:site_name\" content=\"icoolbuy.\" \/>\n<meta property=\"article:modified_time\" content=\"2024-10-14T08:52:25+00:00\" \/>\n<meta property=\"og:image\" content=\"https:\/\/icoolbuy.com\/wp-content\/uploads\/2024\/10\/S3b1bf2ecf80a45cbba3142609385d29c2.webp\" \/>\n\t<meta property=\"og:image:width\" content=\"1600\" \/>\n\t<meta property=\"og:image:height\" content=\"1600\" \/>\n\t<meta property=\"og:image:type\" content=\"image\/webp\" \/>\n<meta name=\"twitter:card\" content=\"summary_large_image\" \/>\n<meta name=\"twitter:label1\" content=\"Availability\" \/>\n\t<meta name=\"twitter:data1\" content=\"In stock\" \/>\n<script type=\"application\/ld+json\" class=\"yoast-schema-graph\">{\"@context\":\"https:\/\/schema.org\",\"@graph\":[{\"@type\":\"WebPage\",\"@id\":\"https:\/\/icoolbuy.com\/product\/bisinna-multi-functional-camping-stove-bbq-charcoal-grill-portable-burner-outdoor-camp-picnic\/\",\"url\":\"https:\/\/icoolbuy.com\/product\/bisinna-multi-functional-camping-stove-bbq-charcoal-grill-portable-burner-outdoor-camp-picnic\/\",\"name\":\"BISINNA Multi-functional Camping Stove BBQ Charcoal Grill Portable Burner Outdoor Camp Picnic - icoolbuy.\",\"isPartOf\":{\"@id\":\"https:\/\/icoolbuy.com\/#website\"},\"primaryImageOfPage\":{\"@id\":\"https:\/\/icoolbuy.com\/product\/bisinna-multi-functional-camping-stove-bbq-charcoal-grill-portable-burner-outdoor-camp-picnic\/#primaryimage\"},\"image\":{\"@id\":\"https:\/\/icoolbuy.com\/product\/bisinna-multi-functional-camping-stove-bbq-charcoal-grill-portable-burner-outdoor-camp-picnic\/#primaryimage\"},\"thumbnailUrl\":\"https:\/\/icoolbuy.com\/wp-content\/uploads\/2024\/10\/S3b1bf2ecf80a45cbba3142609385d29c2.webp\",\"datePublished\":\"2024-10-14T07:11:10+00:00\",\"dateModified\":\"2024-10-14T08:52:25+00:00\",\"breadcrumb\":{\"@id\":\"https:\/\/icoolbuy.com\/product\/bisinna-multi-functional-camping-stove-bbq-charcoal-grill-portable-burner-outdoor-camp-picnic\/#breadcrumb\"},\"inLanguage\":\"de\",\"potentialAction\":[{\"@type\":\"ReadAction\",\"target\":[\"https:\/\/icoolbuy.com\/product\/bisinna-multi-functional-camping-stove-bbq-charcoal-grill-portable-burner-outdoor-camp-picnic\/\"]}]},{\"@type\":\"ImageObject\",\"inLanguage\":\"de\",\"@id\":\"https:\/\/icoolbuy.com\/product\/bisinna-multi-functional-camping-stove-bbq-charcoal-grill-portable-burner-outdoor-camp-picnic\/#primaryimage\",\"url\":\"https:\/\/icoolbuy.com\/wp-content\/uploads\/2024\/10\/S3b1bf2ecf80a45cbba3142609385d29c2.webp\",\"contentUrl\":\"https:\/\/icoolbuy.com\/wp-content\/uploads\/2024\/10\/S3b1bf2ecf80a45cbba3142609385d29c2.webp\",\"width\":1600,\"height\":1600},{\"@type\":\"BreadcrumbList\",\"@id\":\"https:\/\/icoolbuy.com\/product\/bisinna-multi-functional-camping-stove-bbq-charcoal-grill-portable-burner-outdoor-camp-picnic\/#breadcrumb\",\"itemListElement\":[{\"@type\":\"ListItem\",\"position\":1,\"name\":\"\u9996\u9875\",\"item\":\"https:\/\/icoolbuy.com\/\"},{\"@type\":\"ListItem\",\"position\":2,\"name\":\"Products\",\"item\":\"https:\/\/icoolbuy.com\/products\/\"},{\"@type\":\"ListItem\",\"position\":3,\"name\":\"BISINNA Multi-functional Camping Stove BBQ Charcoal Grill Portable Burner Outdoor Camp Picnic\"}]},{\"@type\":\"WebSite\",\"@id\":\"https:\/\/icoolbuy.com\/#website\",\"url\":\"https:\/\/icoolbuy.com\/\",\"name\":\"icoolbuy.\",\"description\":\"Creative products\",\"publisher\":{\"@id\":\"https:\/\/icoolbuy.com\/#organization\"},\"potentialAction\":[{\"@type\":\"SearchAction\",\"target\":{\"@type\":\"EntryPoint\",\"urlTemplate\":\"https:\/\/icoolbuy.com\/?s={search_term_string}\"},\"query-input\":{\"@type\":\"PropertyValueSpecification\",\"valueRequired\":true,\"valueName\":\"search_term_string\"}}],\"inLanguage\":\"de\"},{\"@type\":\"Organization\",\"@id\":\"https:\/\/icoolbuy.com\/#organization\",\"name\":\"icoolbuy.\",\"url\":\"https:\/\/icoolbuy.com\/\",\"logo\":{\"@type\":\"ImageObject\",\"inLanguage\":\"de\",\"@id\":\"https:\/\/icoolbuy.com\/#\/schema\/logo\/image\/\",\"url\":\"https:\/\/icoolbuy.com\/wp-content\/uploads\/2024\/09\/12.png\",\"contentUrl\":\"https:\/\/icoolbuy.com\/wp-content\/uploads\/2024\/09\/12.png\",\"width\":638,\"height\":371,\"caption\":\"icoolbuy.\"},\"image\":{\"@id\":\"https:\/\/icoolbuy.com\/#\/schema\/logo\/image\/\"}}]}<\/script>\n<meta property=\"og:availability\" content=\"instock\" \/>\n<meta property=\"product:availability\" content=\"instock\" \/>\n<meta property=\"product:retailer_item_id\" content=\"cs6c7i4mnepg00br4h50\" \/>\n<meta property=\"product:condition\" content=\"new\" \/>\n<!-- \/ Yoast SEO Premium plugin. -->","yoast_head_json":{"title":"BISINNA Multi-functional Camping Stove BBQ Charcoal Grill Portable Burner Outdoor Camp Picnic - icoolbuy.","robots":{"index":"index","follow":"follow","max-snippet":"max-snippet:-1","max-image-preview":"max-image-preview:large","max-video-preview":"max-video-preview:-1"},"canonical":"https:\/\/icoolbuy.com\/de\/produkt\/bisinna-multi-functional-camping-stove-bbq-charcoal-grill-portable-burner-outdoor-camp-picnic\/","og_locale":"de_DE","og_type":"article","og_title":"BISINNA Multi-functional Camping Stove BBQ Charcoal Grill Portable Burner Outdoor Camp Picnic","og_description":"SPECIFICATIONS &nbsp; Brand Name: bisinna Origin: Mainland China Disposable: No With Ignition Device or Not: Not Included Type: Other Stove Hign-concerned Chemical: None Fuel: Charcoal Piece Number Of Wind Deflector: No wind shield Structure: SPLIT Usage Condition: Normal Outdoor Material: Metal Model: SK201 Choice: yes &nbsp; Features: Drawer Carbon Box: Easy to pull place charcoal [&hellip;]","og_url":"https:\/\/icoolbuy.com\/de\/produkt\/bisinna-multi-functional-camping-stove-bbq-charcoal-grill-portable-burner-outdoor-camp-picnic\/","og_site_name":"icoolbuy.","article_modified_time":"2024-10-14T08:52:25+00:00","og_image":[{"width":1600,"height":1600,"url":"https:\/\/icoolbuy.com\/wp-content\/uploads\/2024\/10\/S3b1bf2ecf80a45cbba3142609385d29c2.webp","type":"image\/webp"}],"twitter_card":"summary_large_image","twitter_misc":{"Availability":"In stock"},"schema":{"@context":"https:\/\/schema.org","@graph":[{"@type":"WebPage","@id":"https:\/\/icoolbuy.com\/product\/bisinna-multi-functional-camping-stove-bbq-charcoal-grill-portable-burner-outdoor-camp-picnic\/","url":"https:\/\/icoolbuy.com\/product\/bisinna-multi-functional-camping-stove-bbq-charcoal-grill-portable-burner-outdoor-camp-picnic\/","name":"BISINNA Multi-functional Camping Stove BBQ Charcoal Grill Portable Burner Outdoor Camp Picnic - icoolbuy.","isPartOf":{"@id":"https:\/\/icoolbuy.com\/#website"},"primaryImageOfPage":{"@id":"https:\/\/icoolbuy.com\/product\/bisinna-multi-functional-camping-stove-bbq-charcoal-grill-portable-burner-outdoor-camp-picnic\/#primaryimage"},"image":{"@id":"https:\/\/icoolbuy.com\/product\/bisinna-multi-functional-camping-stove-bbq-charcoal-grill-portable-burner-outdoor-camp-picnic\/#primaryimage"},"thumbnailUrl":"https:\/\/icoolbuy.com\/wp-content\/uploads\/2024\/10\/S3b1bf2ecf80a45cbba3142609385d29c2.webp","datePublished":"2024-10-14T07:11:10+00:00","dateModified":"2024-10-14T08:52:25+00:00","breadcrumb":{"@id":"https:\/\/icoolbuy.com\/product\/bisinna-multi-functional-camping-stove-bbq-charcoal-grill-portable-burner-outdoor-camp-picnic\/#breadcrumb"},"inLanguage":"de","potentialAction":[{"@type":"ReadAction","target":["https:\/\/icoolbuy.com\/product\/bisinna-multi-functional-camping-stove-bbq-charcoal-grill-portable-burner-outdoor-camp-picnic\/"]}]},{"@type":"ImageObject","inLanguage":"de","@id":"https:\/\/icoolbuy.com\/product\/bisinna-multi-functional-camping-stove-bbq-charcoal-grill-portable-burner-outdoor-camp-picnic\/#primaryimage","url":"https:\/\/icoolbuy.com\/wp-content\/uploads\/2024\/10\/S3b1bf2ecf80a45cbba3142609385d29c2.webp","contentUrl":"https:\/\/icoolbuy.com\/wp-content\/uploads\/2024\/10\/S3b1bf2ecf80a45cbba3142609385d29c2.webp","width":1600,"height":1600},{"@type":"BreadcrumbList","@id":"https:\/\/icoolbuy.com\/product\/bisinna-multi-functional-camping-stove-bbq-charcoal-grill-portable-burner-outdoor-camp-picnic\/#breadcrumb","itemListElement":[{"@type":"ListItem","position":1,"name":"\u9996\u9875","item":"https:\/\/icoolbuy.com\/"},{"@type":"ListItem","position":2,"name":"Products","item":"https:\/\/icoolbuy.com\/products\/"},{"@type":"ListItem","position":3,"name":"BISINNA Multi-functional Camping Stove BBQ Charcoal Grill Portable Burner Outdoor Camp Picnic"}]},{"@type":"WebSite","@id":"https:\/\/icoolbuy.com\/#website","url":"https:\/\/icoolbuy.com\/","name":"icoolbuy.","description":"Creative products","publisher":{"@id":"https:\/\/icoolbuy.com\/#organization"},"potentialAction":[{"@type":"SearchAction","target":{"@type":"EntryPoint","urlTemplate":"https:\/\/icoolbuy.com\/?s={search_term_string}"},"query-input":{"@type":"PropertyValueSpecification","valueRequired":true,"valueName":"search_term_string"}}],"inLanguage":"de"},{"@type":"Organization","@id":"https:\/\/icoolbuy.com\/#organization","name":"icoolbuy.","url":"https:\/\/icoolbuy.com\/","logo":{"@type":"ImageObject","inLanguage":"de","@id":"https:\/\/icoolbuy.com\/#\/schema\/logo\/image\/","url":"https:\/\/icoolbuy.com\/wp-content\/uploads\/2024\/09\/12.png","contentUrl":"https:\/\/icoolbuy.com\/wp-content\/uploads\/2024\/09\/12.png","width":638,"height":371,"caption":"icoolbuy."},"image":{"@id":"https:\/\/icoolbuy.com\/#\/schema\/logo\/image\/"}}]},"og_availability":"instock","product_availability":"instock","product_retailer_item_id":"cs6c7i4mnepg00br4h50","product_condition":"new"},"uagb_featured_image_src":{"full":["https:\/\/icoolbuy.com\/wp-content\/uploads\/2024\/10\/S3b1bf2ecf80a45cbba3142609385d29c2.webp",1600,1600,false],"thumbnail":["https:\/\/icoolbuy.com\/wp-content\/uploads\/2024\/10\/S3b1bf2ecf80a45cbba3142609385d29c2-150x150.webp",150,150,true],"medium":["https:\/\/icoolbuy.com\/wp-content\/uploads\/2024\/10\/S3b1bf2ecf80a45cbba3142609385d29c2-300x300.webp",300,300,true],"medium_large":["https:\/\/icoolbuy.com\/wp-content\/uploads\/2024\/10\/S3b1bf2ecf80a45cbba3142609385d29c2-768x768.webp",768,768,true],"large":["https:\/\/icoolbuy.com\/wp-content\/uploads\/2024\/10\/S3b1bf2ecf80a45cbba3142609385d29c2-1024x1024.webp",1024,1024,true],"1536x1536":["https:\/\/icoolbuy.com\/wp-content\/uploads\/2024\/10\/S3b1bf2ecf80a45cbba3142609385d29c2-1536x1536.webp",1536,1536,true],"2048x2048":["https:\/\/icoolbuy.com\/wp-content\/uploads\/2024\/10\/S3b1bf2ecf80a45cbba3142609385d29c2.webp",1600,1600,false],"trp-custom-language-flag":["https:\/\/icoolbuy.com\/wp-content\/uploads\/2024\/10\/S3b1bf2ecf80a45cbba3142609385d29c2-12x12.webp",12,12,true],"woocommerce_archive_thumbnail":["https:\/\/icoolbuy.com\/wp-content\/uploads\/2024\/10\/S3b1bf2ecf80a45cbba3142609385d29c2-300x300.webp",300,300,true],"woocommerce_thumbnail":["https:\/\/icoolbuy.com\/wp-content\/uploads\/2024\/10\/S3b1bf2ecf80a45cbba3142609385d29c2-300x300.webp",300,300,true],"woocommerce_single":["https:\/\/icoolbuy.com\/wp-content\/uploads\/2024\/10\/S3b1bf2ecf80a45cbba3142609385d29c2-600x600.webp",600,600,true],"woocommerce_gallery_thumbnail":["https:\/\/icoolbuy.com\/wp-content\/uploads\/2024\/10\/S3b1bf2ecf80a45cbba3142609385d29c2-100x100.webp",100,100,true],"variation_swatches_image_size":["https:\/\/icoolbuy.com\/wp-content\/uploads\/2024\/10\/S3b1bf2ecf80a45cbba3142609385d29c2-50x50.webp",50,50,true],"variation_swatches_tooltip_size":["https:\/\/icoolbuy.com\/wp-content\/uploads\/2024\/10\/S3b1bf2ecf80a45cbba3142609385d29c2-100x100.webp",100,100,true]},"uagb_author_info":{"display_name":"lanfa39@163.com","author_link":"https:\/\/icoolbuy.com\/de\/author\/"},"uagb_comment_info":0,"uagb_excerpt":"SPECIFICATIONS &nbsp; Brand Name: bisinna Origin: Mainland China Disposable: No With Ignition Device or Not: Not Included Type: Other Stove Hign-concerned Chemical: None Fuel: Charcoal Piece Number Of Wind Deflector: No wind shield Structure: SPLIT Usage Condition: Normal Outdoor Material: Metal Model: SK201 Choice: yes &nbsp; Features: Drawer Carbon Box: Easy to pull place charcoal&hellip;","_links":{"self":[{"href":"https:\/\/icoolbuy.com\/de\/wp-json\/wp\/v2\/product\/5935","targetHints":{"allow":["GET"]}}],"collection":[{"href":"https:\/\/icoolbuy.com\/de\/wp-json\/wp\/v2\/product"}],"about":[{"href":"https:\/\/icoolbuy.com\/de\/wp-json\/wp\/v2\/types\/product"}],"replies":[{"embeddable":true,"href":"https:\/\/icoolbuy.com\/de\/wp-json\/wp\/v2\/comments?post=5935"}],"wp:featuredmedia":[{"embeddable":true,"href":"https:\/\/icoolbuy.com\/de\/wp-json\/wp\/v2\/media\/5916"}],"wp:attachment":[{"href":"https:\/\/icoolbuy.com\/de\/wp-json\/wp\/v2\/media?parent=5935"}],"wp:term":[{"taxonomy":"product_brand","embeddable":true,"href":"https:\/\/icoolbuy.com\/de\/wp-json\/wp\/v2\/product_brand?post=5935"},{"taxonomy":"product_cat","embeddable":true,"href":"https:\/\/icoolbuy.com\/de\/wp-json\/wp\/v2\/product_cat?post=5935"},{"taxonomy":"product_tag","embeddable":true,"href":"https:\/\/icoolbuy.com\/de\/wp-json\/wp\/v2\/product_tag?post=5935"}],"curies":[{"name":"wp","href":"https:\/\/api.w.org\/{rel}","templated":true}]}}