{"id":5482,"date":"2024-09-25T06:53:52","date_gmt":"2024-09-25T06:53:52","guid":{"rendered":"https:\/\/icoolbuy.com\/?post_type=product&#038;p=5482"},"modified":"2024-09-25T06:57:43","modified_gmt":"2024-09-25T06:57:43","slug":"anime-wireless-bluetooth-speaker-creative-transforming-robot-speaker-audio-music-player-portable-stereo-subwoofer-speaker-audio","status":"publish","type":"product","link":"https:\/\/icoolbuy.com\/es\/producto\/anime-wireless-bluetooth-speaker-creative-transforming-robot-speaker-audio-music-player-portable-stereo-subwoofer-speaker-audio\/","title":{"rendered":"Anime Altavoz Bluetooth Inal\u00e1mbrico Creative Transforming Robot Altavoz Audio Reproductor de M\u00fasica Port\u00e1til Altavoz Est\u00e9reo Subwoofer Audio"},"content":{"rendered":"<h1>ESPECIFICACIONES<\/h1>\n<p>&nbsp;<\/p>\n<p>Marca: <span style=\"color: #333;\">Rondaful<\/span><\/p>\n<p>Material del armario: <span style=\"color: #333;\">pl\u00e1stico<\/span><\/p>\n<p>Audio Crossover: <span style=\"color: #333;\">Gama completa<\/span><\/p>\n<p>Impermeable: <span style=\"color: #333;\">No<\/span><\/p>\n<p>Comunicaci\u00f3n: <span style=\"color: #333;\">HDMI-compatible<\/span><\/p>\n<p>Tipo de altavoz: <span style=\"color: #333;\">Port\u00e1til<\/span><\/p>\n<p>Canales: <span style=\"color: #333;\">1<\/span><\/p>\n<p>APP de apoyo: <span style=\"color: #333;\">No<\/span><\/p>\n<p>Bater\u00eda: <span style=\"color: #333;\">No<\/span><\/p>\n<p>Categor\u00eda: <span style=\"color: #333;\">Altavoces<\/span><\/p>\n<p>\u00dasalo: <span style=\"color: #333;\">Inicio<\/span><\/p>\n<p>Origen: <span style=\"color: #333;\">China continental<\/span><\/p>\n<p>Modo de sonido: <span style=\"color: #333;\">Modos 3EQ<\/span><\/p>\n<p>Control por voz: <span style=\"color: #333;\">S\u00ed<\/span><\/p>\n<p>Fuente de energ\u00eda: <span style=\"color: #333;\">DC<\/span><\/p>\n<p>N\u00famero de cajas ac\u00fasticas: <span style=\"color: #333;\">1<\/span><\/p>\n<p>Potencia de entrada (W): <span style=\"color: #333;\">200-299W<\/span><\/p>\n<p>Entrada\/Salida: <span style=\"color: #333;\">USB<\/span><\/p>\n<p>Asistente personal inteligente: <span style=\"color: #333;\">ninguno<\/span><\/p>\n<p>Certificaci\u00f3n: <span style=\"color: #333;\">weee<\/span><\/p>\n<p>Material: <span style=\"color: #333;\">pl\u00e1stico<\/span><\/p>\n<p>&nbsp;<\/p>\n<div class=\"detailmodule_html\">\n<div class=\"detail-desc-decorate-richtext\">\n<div>\n<p><strong><span style=\"font-size: 18px;\">Bullet Points:<\/span><\/strong><\/p>\n<p><strong><span style=\"font-size: 18px;\">1.Control Convenience: Control your music wirelessly with ease. Play, pause, and switch songs in just a few clicks with our outdoor wireless speaker. You won&#8217;t need to frequently operate your phone or reach for the remote.<\/span><\/strong><\/p>\n<p><strong><span style=\"font-size: 18px;\">2.Wireless Simplicity: Convenience meets quality with this outdoor wireless speaker. Connect via wireless to experience good sound quality without wires. Wake up your ears to comfort and easily connect to your phone, tablet, PC, and other devices for an immersive audio experience. <\/span><\/strong><\/p>\n<p><strong><span style=\"font-size: 18px;\">3.Superior Acoustics: Enjoy a crisp and pleasing listening experience within inches of this outdoor wireless speaker. Its shape and large diameter subwoofer make the sound more natural and transparent, while its integrating stereo chip algorithm processing ensures excellent volume and bass. <\/span><\/strong><\/p>\n<p><strong><span style=\"font-size: 18px;\">4.Extra Feature: Expand your music options with FM mode on this Outdoor Wireless Speaker! With no need for a wireless connection, enjoy a diverse selection of exciting content at the touch of a button. This small yet dynamic speaker provides excellent portability and excellent sound quality for all your outdoor escapades. <\/span><\/strong><\/p>\n<p><strong><span style=\"font-size: 18px;\">5.Suitable for Gift Giving: Strengthen relationships with this outdoor wireless speaker, the perfect gift for men, women, boys, girls, and children. Bring high-quality sound and convenience to any outdoor activity without cords or wires, making it easy to take the party anywhere and everywhere. <\/span><\/strong><\/p>\n<p><strong><span style=\"font-size: 18px;\">Experience crystal clear and delightful music with our Portable Wireless Speaker. No need to continually operate your phone, effortlessly connect your device and enjoy a crisp and pleasing listening experience within inches. Perfect for anyone who loves great music, especially girls. Get ready to groove to your favorite tunes!<\/span><\/strong><\/p>\n<p><strong><span style=\"font-size: 18px;\">Especificaci\u00f3n:<\/span><\/strong><\/p>\n<p><strong><span style=\"font-size: 18px;\">Speaker specifications: 2 inches + head subwoofer<\/span><\/strong><\/p>\n<p><strong><span style=\"font-size: 18px;\">Speaker power: 3W<\/span><\/strong><\/p>\n<p><strong><span style=\"font-size: 18px;\">Charging requirement: 5v (1~2A)<\/span><\/strong><\/p>\n<p><strong><span style=\"font-size: 18px;\">Charging time: charging about 2 hours<\/span><\/strong><\/p>\n<p><strong><span style=\"font-size: 18px;\">Playing time: 5~8 hours or more<\/span><\/strong><\/p>\n<p><strong><span style=\"font-size: 18px;\">Battery capacity: 1200mAh<\/span><\/strong><\/p>\n<p><strong><span style=\"font-size: 18px;\">FM radio function: yes (band fm80~108)<\/span><\/strong><\/p>\n<p><strong><span style=\"font-size: 18px;\">Built-in TF function: yes (within 32g)<\/span><\/strong><\/p>\n<p><strong><span style=\"font-size: 18px;\">Bluetooths version: JL 5.0<\/span><\/strong><\/p>\n<p><strong><span style=\"font-size: 18px;\">Size: about 11.1*12.2*11.3cm|4.37*4.8*4.44 inches<\/span><\/strong><\/p>\n<p><strong><span style=\"font-size: 18px;\">Packing List:<\/span><\/strong><\/p>\n<p><strong><span style=\"font-size: 18px;\">Wireless Speaker Outdoor*1<\/span><\/strong><\/p>\n<\/div>\n<div><\/div>\n<p>&nbsp;<\/p>\n<div><\/div>\n<p><img decoding=\"async\" src=\"https:\/\/ae01.alicdn.com\/kf\/S494cf9a074d14a57ba8f5cbb4f2ad820Y.jpg\" \/><img decoding=\"async\" src=\"https:\/\/ae01.alicdn.com\/kf\/S0cac9a12fc2042ae9c142e72440520df2.jpg\" \/><img decoding=\"async\" src=\"https:\/\/ae01.alicdn.com\/kf\/S6e089b8c448d46edbefc32a8fa5064e6G.jpg\" \/><img decoding=\"async\" src=\"https:\/\/ae01.alicdn.com\/kf\/S6424427091c548aab1dc44ab6be758a08.jpg\" \/><img decoding=\"async\" src=\"https:\/\/ae01.alicdn.com\/kf\/S0163d054dc84449c94bffc8bb195f805t.jpg\" \/><img decoding=\"async\" src=\"https:\/\/ae01.alicdn.com\/kf\/S4b52ba08a1f44aeabcf7e2d144f916a8x.jpg\" \/><img decoding=\"async\" src=\"https:\/\/ae01.alicdn.com\/kf\/S5d67cd9a9c474963a714fe99250bb917i.jpg\" \/><img decoding=\"async\" src=\"https:\/\/ae01.alicdn.com\/kf\/Sed2b8802df5c4fb2b26cd6e9a718fcb6X.jpg\" \/><img decoding=\"async\" src=\"https:\/\/ae01.alicdn.com\/kf\/Sa1498829768945a8ab1a12fd5cff205eL.jpg\" \/><img decoding=\"async\" src=\"https:\/\/ae01.alicdn.com\/kf\/S336098c9eed446d4943168c438c7eb50d.jpg\" \/><\/p>\n<\/div>\n<\/div>\n<p>&nbsp;<\/p>","protected":false},"excerpt":{"rendered":"<p>SPECIFICATIONS &nbsp; Brand Name: Rondaful Cabinet Material: plastic Audio Crossover: Full-Range Waterproof: No Communication: HDMI-compatible Speaker Type: Portable Channels: 1 Support APP: No Battery: No Category: Speakers Use: Home Origin: Mainland China Sound Mode: 3EQ Modes Voice Control: Yes Power Source: DC Number of Loudspeaker Enclosure: 1 Input Power(W): 200-299W Input\/Output: USB Intelligent Personal Assistant: [&hellip;]<\/p>","protected":false},"featured_media":5464,"comment_status":"open","ping_status":"closed","template":"","meta":{"_uag_custom_page_level_css":""},"product_brand":[],"product_cat":[48],"product_tag":[],"class_list":{"0":"post-5482","1":"product","2":"type-product","3":"status-publish","4":"has-post-thumbnail","6":"product_cat-electronic","8":"first","9":"instock","10":"shipping-taxable","11":"purchasable","12":"product-type-variable","13":"wvs-archive-product-wrapper"},"yoast_head":"<!-- This site is optimized with the Yoast SEO Premium plugin v23.4 (Yoast SEO v24.4) - https:\/\/yoast.com\/wordpress\/plugins\/seo\/ -->\n<title>Anime Wireless Bluetooth Speaker Creative Transforming Robot Speaker Audio Music Player Portable Stereo Subwoofer Speaker Audio - icoolbuy.<\/title>\n<meta name=\"robots\" content=\"index, follow, max-snippet:-1, max-image-preview:large, max-video-preview:-1\" \/>\n<link rel=\"canonical\" href=\"https:\/\/icoolbuy.com\/es\/producto\/anime-wireless-bluetooth-speaker-creative-transforming-robot-speaker-audio-music-player-portable-stereo-subwoofer-speaker-audio\/\" \/>\n<meta property=\"og:locale\" content=\"es_ES\" \/>\n<meta property=\"og:type\" content=\"article\" \/>\n<meta property=\"og:title\" content=\"Anime Wireless Bluetooth Speaker Creative Transforming Robot Speaker Audio Music Player Portable Stereo Subwoofer Speaker Audio\" \/>\n<meta property=\"og:description\" content=\"SPECIFICATIONS &nbsp; Brand Name: Rondaful Cabinet Material: plastic Audio Crossover: Full-Range Waterproof: No Communication: HDMI-compatible Speaker Type: Portable Channels: 1 Support APP: No Battery: No Category: Speakers Use: Home Origin: Mainland China Sound Mode: 3EQ Modes Voice Control: Yes Power Source: DC Number of Loudspeaker Enclosure: 1 Input Power(W): 200-299W Input\/Output: USB Intelligent Personal Assistant: [&hellip;]\" \/>\n<meta property=\"og:url\" content=\"https:\/\/icoolbuy.com\/es\/producto\/anime-wireless-bluetooth-speaker-creative-transforming-robot-speaker-audio-music-player-portable-stereo-subwoofer-speaker-audio\/\" \/>\n<meta property=\"og:site_name\" content=\"icoolbuy.\" \/>\n<meta property=\"article:modified_time\" content=\"2024-09-25T06:57:43+00:00\" \/>\n<meta property=\"og:image\" content=\"https:\/\/icoolbuy.com\/wp-content\/uploads\/2024\/09\/Sad9aaf2c93e540198fa7e2ba0c59ae10A.webp\" \/>\n\t<meta property=\"og:image:width\" content=\"800\" \/>\n\t<meta property=\"og:image:height\" content=\"800\" \/>\n\t<meta property=\"og:image:type\" content=\"image\/webp\" \/>\n<meta name=\"twitter:card\" content=\"summary_large_image\" \/>\n<meta name=\"twitter:label1\" content=\"Disponibilidad\" \/>\n\t<meta name=\"twitter:data1\" content=\"Disponible\" \/>\n<script type=\"application\/ld+json\" class=\"yoast-schema-graph\">{\"@context\":\"https:\/\/schema.org\",\"@graph\":[{\"@type\":\"WebPage\",\"@id\":\"https:\/\/icoolbuy.com\/product\/anime-wireless-bluetooth-speaker-creative-transforming-robot-speaker-audio-music-player-portable-stereo-subwoofer-speaker-audio\/\",\"url\":\"https:\/\/icoolbuy.com\/product\/anime-wireless-bluetooth-speaker-creative-transforming-robot-speaker-audio-music-player-portable-stereo-subwoofer-speaker-audio\/\",\"name\":\"Anime Wireless Bluetooth Speaker Creative Transforming Robot Speaker Audio Music Player Portable Stereo Subwoofer Speaker Audio - icoolbuy.\",\"isPartOf\":{\"@id\":\"https:\/\/icoolbuy.com\/#website\"},\"primaryImageOfPage\":{\"@id\":\"https:\/\/icoolbuy.com\/product\/anime-wireless-bluetooth-speaker-creative-transforming-robot-speaker-audio-music-player-portable-stereo-subwoofer-speaker-audio\/#primaryimage\"},\"image\":{\"@id\":\"https:\/\/icoolbuy.com\/product\/anime-wireless-bluetooth-speaker-creative-transforming-robot-speaker-audio-music-player-portable-stereo-subwoofer-speaker-audio\/#primaryimage\"},\"thumbnailUrl\":\"https:\/\/icoolbuy.com\/wp-content\/uploads\/2024\/09\/Sad9aaf2c93e540198fa7e2ba0c59ae10A.webp\",\"datePublished\":\"2024-09-25T06:53:52+00:00\",\"dateModified\":\"2024-09-25T06:57:43+00:00\",\"breadcrumb\":{\"@id\":\"https:\/\/icoolbuy.com\/product\/anime-wireless-bluetooth-speaker-creative-transforming-robot-speaker-audio-music-player-portable-stereo-subwoofer-speaker-audio\/#breadcrumb\"},\"inLanguage\":\"es\",\"potentialAction\":[{\"@type\":\"ReadAction\",\"target\":[\"https:\/\/icoolbuy.com\/product\/anime-wireless-bluetooth-speaker-creative-transforming-robot-speaker-audio-music-player-portable-stereo-subwoofer-speaker-audio\/\"]}]},{\"@type\":\"ImageObject\",\"inLanguage\":\"es\",\"@id\":\"https:\/\/icoolbuy.com\/product\/anime-wireless-bluetooth-speaker-creative-transforming-robot-speaker-audio-music-player-portable-stereo-subwoofer-speaker-audio\/#primaryimage\",\"url\":\"https:\/\/icoolbuy.com\/wp-content\/uploads\/2024\/09\/Sad9aaf2c93e540198fa7e2ba0c59ae10A.webp\",\"contentUrl\":\"https:\/\/icoolbuy.com\/wp-content\/uploads\/2024\/09\/Sad9aaf2c93e540198fa7e2ba0c59ae10A.webp\",\"width\":800,\"height\":800},{\"@type\":\"BreadcrumbList\",\"@id\":\"https:\/\/icoolbuy.com\/product\/anime-wireless-bluetooth-speaker-creative-transforming-robot-speaker-audio-music-player-portable-stereo-subwoofer-speaker-audio\/#breadcrumb\",\"itemListElement\":[{\"@type\":\"ListItem\",\"position\":1,\"name\":\"\u9996\u9875\",\"item\":\"https:\/\/icoolbuy.com\/\"},{\"@type\":\"ListItem\",\"position\":2,\"name\":\"Products\",\"item\":\"https:\/\/icoolbuy.com\/products\/\"},{\"@type\":\"ListItem\",\"position\":3,\"name\":\"Anime Wireless Bluetooth Speaker Creative Transforming Robot Speaker Audio Music Player Portable Stereo Subwoofer Speaker Audio\"}]},{\"@type\":\"WebSite\",\"@id\":\"https:\/\/icoolbuy.com\/#website\",\"url\":\"https:\/\/icoolbuy.com\/\",\"name\":\"icoolbuy.\",\"description\":\"Creative products\",\"publisher\":{\"@id\":\"https:\/\/icoolbuy.com\/#organization\"},\"potentialAction\":[{\"@type\":\"SearchAction\",\"target\":{\"@type\":\"EntryPoint\",\"urlTemplate\":\"https:\/\/icoolbuy.com\/?s={search_term_string}\"},\"query-input\":{\"@type\":\"PropertyValueSpecification\",\"valueRequired\":true,\"valueName\":\"search_term_string\"}}],\"inLanguage\":\"es\"},{\"@type\":\"Organization\",\"@id\":\"https:\/\/icoolbuy.com\/#organization\",\"name\":\"icoolbuy.\",\"url\":\"https:\/\/icoolbuy.com\/\",\"logo\":{\"@type\":\"ImageObject\",\"inLanguage\":\"es\",\"@id\":\"https:\/\/icoolbuy.com\/#\/schema\/logo\/image\/\",\"url\":\"https:\/\/icoolbuy.com\/wp-content\/uploads\/2024\/09\/12.png\",\"contentUrl\":\"https:\/\/icoolbuy.com\/wp-content\/uploads\/2024\/09\/12.png\",\"width\":638,\"height\":371,\"caption\":\"icoolbuy.\"},\"image\":{\"@id\":\"https:\/\/icoolbuy.com\/#\/schema\/logo\/image\/\"}}]}<\/script>\n<meta property=\"og:availability\" content=\"instock\" \/>\n<meta property=\"product:availability\" content=\"instock\" \/>\n<meta property=\"product:retailer_item_id\" content=\"crpr6imtls0000druh6g\" \/>\n<meta property=\"product:condition\" content=\"new\" \/>\n<!-- \/ Yoast SEO Premium plugin. -->","yoast_head_json":{"title":"Anime Wireless Bluetooth Speaker Creative Transforming Robot Speaker Audio Music Player Portable Stereo Subwoofer Speaker Audio - icoolbuy.","robots":{"index":"index","follow":"follow","max-snippet":"max-snippet:-1","max-image-preview":"max-image-preview:large","max-video-preview":"max-video-preview:-1"},"canonical":"https:\/\/icoolbuy.com\/es\/producto\/anime-wireless-bluetooth-speaker-creative-transforming-robot-speaker-audio-music-player-portable-stereo-subwoofer-speaker-audio\/","og_locale":"es_ES","og_type":"article","og_title":"Anime Wireless Bluetooth Speaker Creative Transforming Robot Speaker Audio Music Player Portable Stereo Subwoofer Speaker Audio","og_description":"SPECIFICATIONS &nbsp; Brand Name: Rondaful Cabinet Material: plastic Audio Crossover: Full-Range Waterproof: No Communication: HDMI-compatible Speaker Type: Portable Channels: 1 Support APP: No Battery: No Category: Speakers Use: Home Origin: Mainland China Sound Mode: 3EQ Modes Voice Control: Yes Power Source: DC Number of Loudspeaker Enclosure: 1 Input Power(W): 200-299W Input\/Output: USB Intelligent Personal Assistant: [&hellip;]","og_url":"https:\/\/icoolbuy.com\/es\/producto\/anime-wireless-bluetooth-speaker-creative-transforming-robot-speaker-audio-music-player-portable-stereo-subwoofer-speaker-audio\/","og_site_name":"icoolbuy.","article_modified_time":"2024-09-25T06:57:43+00:00","og_image":[{"width":800,"height":800,"url":"https:\/\/icoolbuy.com\/wp-content\/uploads\/2024\/09\/Sad9aaf2c93e540198fa7e2ba0c59ae10A.webp","type":"image\/webp"}],"twitter_card":"summary_large_image","twitter_misc":{"Disponibilidad":"Disponible"},"schema":{"@context":"https:\/\/schema.org","@graph":[{"@type":"WebPage","@id":"https:\/\/icoolbuy.com\/product\/anime-wireless-bluetooth-speaker-creative-transforming-robot-speaker-audio-music-player-portable-stereo-subwoofer-speaker-audio\/","url":"https:\/\/icoolbuy.com\/product\/anime-wireless-bluetooth-speaker-creative-transforming-robot-speaker-audio-music-player-portable-stereo-subwoofer-speaker-audio\/","name":"Anime Wireless Bluetooth Speaker Creative Transforming Robot Speaker Audio Music Player Portable Stereo Subwoofer Speaker Audio - icoolbuy.","isPartOf":{"@id":"https:\/\/icoolbuy.com\/#website"},"primaryImageOfPage":{"@id":"https:\/\/icoolbuy.com\/product\/anime-wireless-bluetooth-speaker-creative-transforming-robot-speaker-audio-music-player-portable-stereo-subwoofer-speaker-audio\/#primaryimage"},"image":{"@id":"https:\/\/icoolbuy.com\/product\/anime-wireless-bluetooth-speaker-creative-transforming-robot-speaker-audio-music-player-portable-stereo-subwoofer-speaker-audio\/#primaryimage"},"thumbnailUrl":"https:\/\/icoolbuy.com\/wp-content\/uploads\/2024\/09\/Sad9aaf2c93e540198fa7e2ba0c59ae10A.webp","datePublished":"2024-09-25T06:53:52+00:00","dateModified":"2024-09-25T06:57:43+00:00","breadcrumb":{"@id":"https:\/\/icoolbuy.com\/product\/anime-wireless-bluetooth-speaker-creative-transforming-robot-speaker-audio-music-player-portable-stereo-subwoofer-speaker-audio\/#breadcrumb"},"inLanguage":"es","potentialAction":[{"@type":"ReadAction","target":["https:\/\/icoolbuy.com\/product\/anime-wireless-bluetooth-speaker-creative-transforming-robot-speaker-audio-music-player-portable-stereo-subwoofer-speaker-audio\/"]}]},{"@type":"ImageObject","inLanguage":"es","@id":"https:\/\/icoolbuy.com\/product\/anime-wireless-bluetooth-speaker-creative-transforming-robot-speaker-audio-music-player-portable-stereo-subwoofer-speaker-audio\/#primaryimage","url":"https:\/\/icoolbuy.com\/wp-content\/uploads\/2024\/09\/Sad9aaf2c93e540198fa7e2ba0c59ae10A.webp","contentUrl":"https:\/\/icoolbuy.com\/wp-content\/uploads\/2024\/09\/Sad9aaf2c93e540198fa7e2ba0c59ae10A.webp","width":800,"height":800},{"@type":"BreadcrumbList","@id":"https:\/\/icoolbuy.com\/product\/anime-wireless-bluetooth-speaker-creative-transforming-robot-speaker-audio-music-player-portable-stereo-subwoofer-speaker-audio\/#breadcrumb","itemListElement":[{"@type":"ListItem","position":1,"name":"\u9996\u9875","item":"https:\/\/icoolbuy.com\/"},{"@type":"ListItem","position":2,"name":"Products","item":"https:\/\/icoolbuy.com\/products\/"},{"@type":"ListItem","position":3,"name":"Anime Wireless Bluetooth Speaker Creative Transforming Robot Speaker Audio Music Player Portable Stereo Subwoofer Speaker Audio"}]},{"@type":"WebSite","@id":"https:\/\/icoolbuy.com\/#website","url":"https:\/\/icoolbuy.com\/","name":"icoolbuy.","description":"Creative products","publisher":{"@id":"https:\/\/icoolbuy.com\/#organization"},"potentialAction":[{"@type":"SearchAction","target":{"@type":"EntryPoint","urlTemplate":"https:\/\/icoolbuy.com\/?s={search_term_string}"},"query-input":{"@type":"PropertyValueSpecification","valueRequired":true,"valueName":"search_term_string"}}],"inLanguage":"es"},{"@type":"Organization","@id":"https:\/\/icoolbuy.com\/#organization","name":"icoolbuy.","url":"https:\/\/icoolbuy.com\/","logo":{"@type":"ImageObject","inLanguage":"es","@id":"https:\/\/icoolbuy.com\/#\/schema\/logo\/image\/","url":"https:\/\/icoolbuy.com\/wp-content\/uploads\/2024\/09\/12.png","contentUrl":"https:\/\/icoolbuy.com\/wp-content\/uploads\/2024\/09\/12.png","width":638,"height":371,"caption":"icoolbuy."},"image":{"@id":"https:\/\/icoolbuy.com\/#\/schema\/logo\/image\/"}}]},"og_availability":"instock","product_availability":"instock","product_retailer_item_id":"crpr6imtls0000druh6g","product_condition":"new"},"uagb_featured_image_src":{"full":["https:\/\/icoolbuy.com\/wp-content\/uploads\/2024\/09\/Sad9aaf2c93e540198fa7e2ba0c59ae10A.webp",800,800,false],"thumbnail":["https:\/\/icoolbuy.com\/wp-content\/uploads\/2024\/09\/Sad9aaf2c93e540198fa7e2ba0c59ae10A-150x150.webp",150,150,true],"medium":["https:\/\/icoolbuy.com\/wp-content\/uploads\/2024\/09\/Sad9aaf2c93e540198fa7e2ba0c59ae10A-300x300.webp",300,300,true],"medium_large":["https:\/\/icoolbuy.com\/wp-content\/uploads\/2024\/09\/Sad9aaf2c93e540198fa7e2ba0c59ae10A-768x768.webp",768,768,true],"large":["https:\/\/icoolbuy.com\/wp-content\/uploads\/2024\/09\/Sad9aaf2c93e540198fa7e2ba0c59ae10A.webp",800,800,false],"1536x1536":["https:\/\/icoolbuy.com\/wp-content\/uploads\/2024\/09\/Sad9aaf2c93e540198fa7e2ba0c59ae10A.webp",800,800,false],"2048x2048":["https:\/\/icoolbuy.com\/wp-content\/uploads\/2024\/09\/Sad9aaf2c93e540198fa7e2ba0c59ae10A.webp",800,800,false],"trp-custom-language-flag":["https:\/\/icoolbuy.com\/wp-content\/uploads\/2024\/09\/Sad9aaf2c93e540198fa7e2ba0c59ae10A-12x12.webp",12,12,true],"woocommerce_archive_thumbnail":["https:\/\/icoolbuy.com\/wp-content\/uploads\/2024\/09\/Sad9aaf2c93e540198fa7e2ba0c59ae10A-300x300.webp",300,300,true],"woocommerce_thumbnail":["https:\/\/icoolbuy.com\/wp-content\/uploads\/2024\/09\/Sad9aaf2c93e540198fa7e2ba0c59ae10A-300x300.webp",300,300,true],"woocommerce_single":["https:\/\/icoolbuy.com\/wp-content\/uploads\/2024\/09\/Sad9aaf2c93e540198fa7e2ba0c59ae10A-600x600.webp",600,600,true],"woocommerce_gallery_thumbnail":["https:\/\/icoolbuy.com\/wp-content\/uploads\/2024\/09\/Sad9aaf2c93e540198fa7e2ba0c59ae10A-100x100.webp",100,100,true],"variation_swatches_image_size":["https:\/\/icoolbuy.com\/wp-content\/uploads\/2024\/09\/Sad9aaf2c93e540198fa7e2ba0c59ae10A-50x50.webp",50,50,true],"variation_swatches_tooltip_size":["https:\/\/icoolbuy.com\/wp-content\/uploads\/2024\/09\/Sad9aaf2c93e540198fa7e2ba0c59ae10A-100x100.webp",100,100,true]},"uagb_author_info":{"display_name":"lanfa39@163.com","author_link":"https:\/\/icoolbuy.com\/es\/author\/"},"uagb_comment_info":0,"uagb_excerpt":"SPECIFICATIONS &nbsp; Brand Name: Rondaful Cabinet Material: plastic Audio Crossover: Full-Range Waterproof: No Communication: HDMI-compatible Speaker Type: Portable Channels: 1 Support APP: No Battery: No Category: Speakers Use: Home Origin: Mainland China Sound Mode: 3EQ Modes Voice Control: Yes Power Source: DC Number of Loudspeaker Enclosure: 1 Input Power(W): 200-299W Input\/Output: USB Intelligent Personal Assistant:&hellip;","_links":{"self":[{"href":"https:\/\/icoolbuy.com\/es\/wp-json\/wp\/v2\/product\/5482","targetHints":{"allow":["GET"]}}],"collection":[{"href":"https:\/\/icoolbuy.com\/es\/wp-json\/wp\/v2\/product"}],"about":[{"href":"https:\/\/icoolbuy.com\/es\/wp-json\/wp\/v2\/types\/product"}],"replies":[{"embeddable":true,"href":"https:\/\/icoolbuy.com\/es\/wp-json\/wp\/v2\/comments?post=5482"}],"wp:featuredmedia":[{"embeddable":true,"href":"https:\/\/icoolbuy.com\/es\/wp-json\/wp\/v2\/media\/5464"}],"wp:attachment":[{"href":"https:\/\/icoolbuy.com\/es\/wp-json\/wp\/v2\/media?parent=5482"}],"wp:term":[{"taxonomy":"product_brand","embeddable":true,"href":"https:\/\/icoolbuy.com\/es\/wp-json\/wp\/v2\/product_brand?post=5482"},{"taxonomy":"product_cat","embeddable":true,"href":"https:\/\/icoolbuy.com\/es\/wp-json\/wp\/v2\/product_cat?post=5482"},{"taxonomy":"product_tag","embeddable":true,"href":"https:\/\/icoolbuy.com\/es\/wp-json\/wp\/v2\/product_tag?post=5482"}],"curies":[{"name":"wp","href":"https:\/\/api.w.org\/{rel}","templated":true}]}}