{"id":5473,"date":"2024-09-25T06:53:46","date_gmt":"2024-09-25T06:53:46","guid":{"rendered":"https:\/\/icoolbuy.com\/?post_type=product&#038;p=5473"},"modified":"2024-09-25T06:57:57","modified_gmt":"2024-09-25T06:57:57","slug":"mini-creative-speaker-mobile-mechanical-jellyfish-speaker-colorful-lamp-octopus-audio-home-desktop-ornaments-gift","status":"publish","type":"product","link":"https:\/\/icoolbuy.com\/fr\/produit\/mini-creative-speaker-mobile-mechanical-jellyfish-speaker-colorful-lamp-octopus-audio-home-desktop-ornaments-gift\/","title":{"rendered":"Mini Haut-Parleur Cr\u00e9atif Mobile Haut-Parleur M\u00e9canique M\u00e9duse Lampe Color\u00e9e Octopus Audio Maison Ornements de Bureau Cadeau"},"content":{"rendered":"<h1>CARACT\u00c9RISTIQUES TECHNIQUES<\/h1>\n<p>&nbsp;<\/p>\n<p>Nom de marque : <span style=\"color: #333;\">centechia<\/span><\/p>\n<p>Cabinet Material: <span style=\"color: #333;\">plastic<\/span><\/p>\n<p>Audio Crossover: <span style=\"color: #333;\">Full-Range<\/span><\/p>\n<p>Waterproof: <span style=\"color: #333;\">No<\/span><\/p>\n<p>Communication: <span style=\"color: #333;\">bluetooth<\/span><\/p>\n<p>Speaker Type: <span style=\"color: #333;\">Portable<\/span><\/p>\n<p>Channels: <span style=\"color: #333;\">2 (2.0)<\/span><\/p>\n<p>Support APP: <span style=\"color: #333;\">No<\/span><\/p>\n<p>Batterie : <span style=\"color: #333;\">Oui<\/span><\/p>\n<p>Cat\u00e9gorie : <span style=\"color: #333;\">Speakers<\/span><\/p>\n<p>Utiliser : <span style=\"color: #333;\">Accueil<\/span><\/p>\n<p>Origine : <span style=\"color: #333;\">Chine continentale<\/span><\/p>\n<p>Sound Mode: <span style=\"color: #333;\">Hi-Res Sound Mode<\/span><\/p>\n<p>Voice Control: <span style=\"color: #333;\">No<\/span><\/p>\n<p>Power Source: <span style=\"color: #333;\">DC<\/span><\/p>\n<p>Number of Loudspeaker Enclosure: <span style=\"color: #333;\">1<\/span><\/p>\n<p>Input Power(W): <span style=\"color: #333;\">&lt;25 W<\/span><\/p>\n<p>Produits chimiques \u00e0 haute teneur en soufre : <span style=\"color: #333;\">Aucun<\/span><\/p>\n<p>Input\/Output: <span style=\"color: #333;\">USB<\/span><\/p>\n<p>Intelligent Personal Assistant: <span style=\"color: #333;\">none<\/span><\/p>\n<p>Bluetooth Version: <span style=\"color: #333;\">5.0<\/span><\/p>\n<p>Product size: <span style=\"color: #333;\">24 11cm<\/span><\/p>\n<p>Internal battery: <span style=\"color: #333;\">2000mAh<\/span><\/p>\n<p>Charging interface: <span style=\"color: #333;\">Type-c<\/span><\/p>\n<p>Input: <span style=\"color: #333;\">DC5V\/1A<\/span><\/p>\n<p>Power: <span style=\"color: #333;\">10W<\/span><\/p>\n<p>Motor type: <span style=\"color: #333;\">reduction motor<\/span><\/p>\n<p>Charging duration: <span style=\"color: #333;\">2-3 hours<\/span><\/p>\n<p>Range: <span style=\"color: #333;\">3-8 hours<\/span><\/p>\n<p>Light modes: <span style=\"color: #333;\">seven adjustable<\/span><\/p>\n<p>&nbsp;<\/p>\n<div class=\"detailmodule_html\">\n<div class=\"detail-desc-decorate-richtext\">\n<p><strong>Mini Haut-Parleur Cr\u00e9atif Mobile Haut-Parleur M\u00e9canique M\u00e9duse Lampe Color\u00e9e Octopus Audio Maison Ornements de Bureau Cadeau<\/strong><\/p>\n<p><strong><span style=\"font-size: 21px;\"><span style=\"font-family: arial,helvetica,sans-serif;\">Description:<br \/>\n<\/span><\/span><\/strong><\/p>\n<p><span style=\"font-size: 16px;\">Product size: 24 * 11cm<\/span><\/p>\n<p><span style=\"font-size: 16px;\">Internal battery: 2000mAh<\/span><\/p>\n<p><span style=\"font-size: 16px;\">Charging interface: Type-c<\/span><\/p>\n<p><span style=\"font-size: 16px;\">Input: DC5V\/1A<\/span><\/p>\n<p><span style=\"font-size: 16px;\">Power: 10W<\/span><\/p>\n<p><span style=\"font-size: 16px;\">Motor type: reduction motor<\/span><\/p>\n<p><span style=\"font-size: 16px;\">Charging duration: 2-3 hours<\/span><\/p>\n<p><span style=\"font-size: 16px;\">Range: 3-8 hours<\/span><\/p>\n<p><span style=\"font-size: 16px;\">Light modes: seven adjustable<\/span><\/p>\n<p><span style=\"font-size: 16px;\">Colors: gray, , purple<\/span><\/p>\n<p><strong><span style=\"font-size: 21px;\"><span style=\"font-family: arial,helvetica,sans-serif;\">Specifications:<br \/>\n<\/span><\/span><\/strong><\/p>\n<p><span style=\"font-size: 16px;\">1 [ Low frequency pulse technology ] Guided acoustic structural design, effectively enhancing by adding low-frequency energy<\/span><\/p>\n<p><span style=\"font-size: 16px;\">2 [ High capacity and long-lasting endurance ] High capacity 2000 milliampere battery, 8 hours of battery life<\/span><\/p>\n<p><span style=\"font-size: 16px;\">3 [Cool Colorful Atmosphere Light] With alternating colorful atmosphere lights, from a distance, it looks like a jellyfish slowly swimming in the air, both romantic and interesting<\/span><\/p>\n<p><span style=\"font-size: 16px;\">4 [Offline music playback] supports MICROTF card insertion and automatic decoding of common audio formats<\/span><\/p>\n<p><span style=\"font-size: 16px;\">5 [ LED high-definition display screen ] Speaker\/night light\/time\/battery display, three in one multifunctional small speaker<\/span><\/p>\n<p><strong><span style=\"font-size: 21px;\"><span style=\"font-family: arial,helvetica,sans-serif;\">Package Included:<br \/>\n<\/span><\/span><\/strong><\/p>\n<p><span style=\"font-size: 16px;\">1 * Audio<\/span><\/p>\n<p><span style=\"font-size: 16px;\">1 * Charging cable<\/span><\/p>\n<p><span style=\"font-size: 16px;\">1 * Instructions<\/span><\/p>\n<p>&nbsp;<\/p>\n<p align=\"center\"><img decoding=\"async\" class=\"web_desc_img\" src=\"https:\/\/ae01.alicdn.com\/kf\/S3f1d971ddfc444af973d0cfa9836ce033.jpg\" \/><img decoding=\"async\" class=\"web_desc_img\" src=\"https:\/\/ae01.alicdn.com\/kf\/S5eab4ca7fee640ea99a7f4b728559628x.jpg\" \/><img decoding=\"async\" class=\"web_desc_img\" src=\"https:\/\/ae01.alicdn.com\/kf\/S57945c72e3e842d386458fdacdd35acd9.jpg\" \/><img decoding=\"async\" class=\"web_desc_img\" src=\"https:\/\/ae01.alicdn.com\/kf\/Sca7245f2d45c41b298ac6edc12b20644G.jpg\" \/><img decoding=\"async\" class=\"web_desc_img\" src=\"https:\/\/ae01.alicdn.com\/kf\/S9d0091cb5cd64f30889b9916ecd4fe72s.jpg\" \/><img decoding=\"async\" class=\"web_desc_img\" src=\"https:\/\/ae01.alicdn.com\/kf\/S77b373042c39451288e80d5e02ed481fl.jpg\" \/><img decoding=\"async\" class=\"web_desc_img\" src=\"https:\/\/ae01.alicdn.com\/kf\/Scb783845b8014eb4a67606f0f6373fa2Z.jpg\" \/><img decoding=\"async\" class=\"web_desc_img\" src=\"https:\/\/ae01.alicdn.com\/kf\/Sf657fca8a9ee4bc08b079f44fcb5fd08W.jpg\" \/><\/p>\n<\/div>\n<\/div>","protected":false},"excerpt":{"rendered":"<p>SPECIFICATIONS &nbsp; Brand Name: centechia Cabinet Material: plastic Audio Crossover: Full-Range Waterproof: No Communication: bluetooth Speaker Type: Portable Channels: 2 (2.0) Support APP: No Battery: Yes Category: Speakers Use: Home Origin: Mainland China Sound Mode: Hi-Res Sound Mode Voice Control: No Power Source: DC Number of Loudspeaker Enclosure: 1 Input Power(W): &lt;25 W Hign-concerned Chemical: [&hellip;]<\/p>","protected":false},"featured_media":5457,"comment_status":"open","ping_status":"closed","template":"","meta":{"_uag_custom_page_level_css":""},"product_brand":[],"product_cat":[45],"product_tag":[],"class_list":{"0":"post-5473","1":"product","2":"type-product","3":"status-publish","4":"has-post-thumbnail","6":"product_cat-lifestyle","8":"first","9":"instock","10":"shipping-taxable","11":"purchasable","12":"product-type-variable","13":"wvs-archive-product-wrapper"},"yoast_head":"<!-- This site is optimized with the Yoast SEO Premium plugin v23.4 (Yoast SEO v24.4) - https:\/\/yoast.com\/wordpress\/plugins\/seo\/ -->\n<title>Mini Creative Speaker Mobile Mechanical Jellyfish Speaker Colorful Lamp Octopus Audio Home Desktop Ornaments Gift - icoolbuy.<\/title>\n<meta name=\"robots\" content=\"index, follow, max-snippet:-1, max-image-preview:large, max-video-preview:-1\" \/>\n<link rel=\"canonical\" href=\"https:\/\/icoolbuy.com\/fr\/produit\/mini-creative-speaker-mobile-mechanical-jellyfish-speaker-colorful-lamp-octopus-audio-home-desktop-ornaments-gift\/\" \/>\n<meta property=\"og:locale\" content=\"fr_FR\" \/>\n<meta property=\"og:type\" content=\"article\" \/>\n<meta property=\"og:title\" content=\"Mini Creative Speaker Mobile Mechanical Jellyfish Speaker Colorful Lamp Octopus Audio Home Desktop Ornaments Gift\" \/>\n<meta property=\"og:description\" content=\"SPECIFICATIONS &nbsp; Brand Name: centechia Cabinet Material: plastic Audio Crossover: Full-Range Waterproof: No Communication: bluetooth Speaker Type: Portable Channels: 2 (2.0) Support APP: No Battery: Yes Category: Speakers Use: Home Origin: Mainland China Sound Mode: Hi-Res Sound Mode Voice Control: No Power Source: DC Number of Loudspeaker Enclosure: 1 Input Power(W): &lt;25 W Hign-concerned Chemical: [&hellip;]\" \/>\n<meta property=\"og:url\" content=\"https:\/\/icoolbuy.com\/fr\/produit\/mini-creative-speaker-mobile-mechanical-jellyfish-speaker-colorful-lamp-octopus-audio-home-desktop-ornaments-gift\/\" \/>\n<meta property=\"og:site_name\" content=\"icoolbuy.\" \/>\n<meta property=\"article:modified_time\" content=\"2024-09-25T06:57:57+00:00\" \/>\n<meta property=\"og:image\" content=\"https:\/\/icoolbuy.com\/wp-content\/uploads\/2024\/09\/S8d26221ba4114e31ae145bee5c55392dJ.webp\" \/>\n\t<meta property=\"og:image:width\" content=\"800\" \/>\n\t<meta property=\"og:image:height\" content=\"800\" \/>\n\t<meta property=\"og:image:type\" content=\"image\/webp\" \/>\n<meta name=\"twitter:card\" content=\"summary_large_image\" \/>\n<meta name=\"twitter:label1\" content=\"Disponibilit\u00e9\" \/>\n\t<meta name=\"twitter:data1\" content=\"En stock\" \/>\n<script type=\"application\/ld+json\" class=\"yoast-schema-graph\">{\"@context\":\"https:\/\/schema.org\",\"@graph\":[{\"@type\":\"WebPage\",\"@id\":\"https:\/\/icoolbuy.com\/product\/mini-creative-speaker-mobile-mechanical-jellyfish-speaker-colorful-lamp-octopus-audio-home-desktop-ornaments-gift\/\",\"url\":\"https:\/\/icoolbuy.com\/product\/mini-creative-speaker-mobile-mechanical-jellyfish-speaker-colorful-lamp-octopus-audio-home-desktop-ornaments-gift\/\",\"name\":\"Mini Creative Speaker Mobile Mechanical Jellyfish Speaker Colorful Lamp Octopus Audio Home Desktop Ornaments Gift - icoolbuy.\",\"isPartOf\":{\"@id\":\"https:\/\/icoolbuy.com\/#website\"},\"primaryImageOfPage\":{\"@id\":\"https:\/\/icoolbuy.com\/product\/mini-creative-speaker-mobile-mechanical-jellyfish-speaker-colorful-lamp-octopus-audio-home-desktop-ornaments-gift\/#primaryimage\"},\"image\":{\"@id\":\"https:\/\/icoolbuy.com\/product\/mini-creative-speaker-mobile-mechanical-jellyfish-speaker-colorful-lamp-octopus-audio-home-desktop-ornaments-gift\/#primaryimage\"},\"thumbnailUrl\":\"https:\/\/icoolbuy.com\/wp-content\/uploads\/2024\/09\/S8d26221ba4114e31ae145bee5c55392dJ.webp\",\"datePublished\":\"2024-09-25T06:53:46+00:00\",\"dateModified\":\"2024-09-25T06:57:57+00:00\",\"breadcrumb\":{\"@id\":\"https:\/\/icoolbuy.com\/product\/mini-creative-speaker-mobile-mechanical-jellyfish-speaker-colorful-lamp-octopus-audio-home-desktop-ornaments-gift\/#breadcrumb\"},\"inLanguage\":\"fr-FR\",\"potentialAction\":[{\"@type\":\"ReadAction\",\"target\":[\"https:\/\/icoolbuy.com\/product\/mini-creative-speaker-mobile-mechanical-jellyfish-speaker-colorful-lamp-octopus-audio-home-desktop-ornaments-gift\/\"]}]},{\"@type\":\"ImageObject\",\"inLanguage\":\"fr-FR\",\"@id\":\"https:\/\/icoolbuy.com\/product\/mini-creative-speaker-mobile-mechanical-jellyfish-speaker-colorful-lamp-octopus-audio-home-desktop-ornaments-gift\/#primaryimage\",\"url\":\"https:\/\/icoolbuy.com\/wp-content\/uploads\/2024\/09\/S8d26221ba4114e31ae145bee5c55392dJ.webp\",\"contentUrl\":\"https:\/\/icoolbuy.com\/wp-content\/uploads\/2024\/09\/S8d26221ba4114e31ae145bee5c55392dJ.webp\",\"width\":800,\"height\":800},{\"@type\":\"BreadcrumbList\",\"@id\":\"https:\/\/icoolbuy.com\/product\/mini-creative-speaker-mobile-mechanical-jellyfish-speaker-colorful-lamp-octopus-audio-home-desktop-ornaments-gift\/#breadcrumb\",\"itemListElement\":[{\"@type\":\"ListItem\",\"position\":1,\"name\":\"\u9996\u9875\",\"item\":\"https:\/\/icoolbuy.com\/\"},{\"@type\":\"ListItem\",\"position\":2,\"name\":\"Products\",\"item\":\"https:\/\/icoolbuy.com\/products\/\"},{\"@type\":\"ListItem\",\"position\":3,\"name\":\"Mini Creative Speaker Mobile Mechanical Jellyfish Speaker Colorful Lamp Octopus Audio Home Desktop Ornaments Gift\"}]},{\"@type\":\"WebSite\",\"@id\":\"https:\/\/icoolbuy.com\/#website\",\"url\":\"https:\/\/icoolbuy.com\/\",\"name\":\"icoolbuy.\",\"description\":\"Creative products\",\"publisher\":{\"@id\":\"https:\/\/icoolbuy.com\/#organization\"},\"potentialAction\":[{\"@type\":\"SearchAction\",\"target\":{\"@type\":\"EntryPoint\",\"urlTemplate\":\"https:\/\/icoolbuy.com\/?s={search_term_string}\"},\"query-input\":{\"@type\":\"PropertyValueSpecification\",\"valueRequired\":true,\"valueName\":\"search_term_string\"}}],\"inLanguage\":\"fr-FR\"},{\"@type\":\"Organization\",\"@id\":\"https:\/\/icoolbuy.com\/#organization\",\"name\":\"icoolbuy.\",\"url\":\"https:\/\/icoolbuy.com\/\",\"logo\":{\"@type\":\"ImageObject\",\"inLanguage\":\"fr-FR\",\"@id\":\"https:\/\/icoolbuy.com\/#\/schema\/logo\/image\/\",\"url\":\"https:\/\/icoolbuy.com\/wp-content\/uploads\/2024\/09\/12.png\",\"contentUrl\":\"https:\/\/icoolbuy.com\/wp-content\/uploads\/2024\/09\/12.png\",\"width\":638,\"height\":371,\"caption\":\"icoolbuy.\"},\"image\":{\"@id\":\"https:\/\/icoolbuy.com\/#\/schema\/logo\/image\/\"}}]}<\/script>\n<meta property=\"og:availability\" content=\"instock\" \/>\n<meta property=\"product:availability\" content=\"instock\" \/>\n<meta property=\"product:retailer_item_id\" content=\"crpr6imtls0000druh60\" \/>\n<meta property=\"product:condition\" content=\"new\" \/>\n<!-- \/ Yoast SEO Premium plugin. -->","yoast_head_json":{"title":"Mini Creative Speaker Mobile Mechanical Jellyfish Speaker Colorful Lamp Octopus Audio Home Desktop Ornaments Gift - icoolbuy.","robots":{"index":"index","follow":"follow","max-snippet":"max-snippet:-1","max-image-preview":"max-image-preview:large","max-video-preview":"max-video-preview:-1"},"canonical":"https:\/\/icoolbuy.com\/fr\/produit\/mini-creative-speaker-mobile-mechanical-jellyfish-speaker-colorful-lamp-octopus-audio-home-desktop-ornaments-gift\/","og_locale":"fr_FR","og_type":"article","og_title":"Mini Creative Speaker Mobile Mechanical Jellyfish Speaker Colorful Lamp Octopus Audio Home Desktop Ornaments Gift","og_description":"SPECIFICATIONS &nbsp; Brand Name: centechia Cabinet Material: plastic Audio Crossover: Full-Range Waterproof: No Communication: bluetooth Speaker Type: Portable Channels: 2 (2.0) Support APP: No Battery: Yes Category: Speakers Use: Home Origin: Mainland China Sound Mode: Hi-Res Sound Mode Voice Control: No Power Source: DC Number of Loudspeaker Enclosure: 1 Input Power(W): &lt;25 W Hign-concerned Chemical: [&hellip;]","og_url":"https:\/\/icoolbuy.com\/fr\/produit\/mini-creative-speaker-mobile-mechanical-jellyfish-speaker-colorful-lamp-octopus-audio-home-desktop-ornaments-gift\/","og_site_name":"icoolbuy.","article_modified_time":"2024-09-25T06:57:57+00:00","og_image":[{"width":800,"height":800,"url":"https:\/\/icoolbuy.com\/wp-content\/uploads\/2024\/09\/S8d26221ba4114e31ae145bee5c55392dJ.webp","type":"image\/webp"}],"twitter_card":"summary_large_image","twitter_misc":{"Disponibilit\u00e9":"En stock"},"schema":{"@context":"https:\/\/schema.org","@graph":[{"@type":"WebPage","@id":"https:\/\/icoolbuy.com\/product\/mini-creative-speaker-mobile-mechanical-jellyfish-speaker-colorful-lamp-octopus-audio-home-desktop-ornaments-gift\/","url":"https:\/\/icoolbuy.com\/product\/mini-creative-speaker-mobile-mechanical-jellyfish-speaker-colorful-lamp-octopus-audio-home-desktop-ornaments-gift\/","name":"Mini Creative Speaker Mobile Mechanical Jellyfish Speaker Colorful Lamp Octopus Audio Home Desktop Ornaments Gift - icoolbuy.","isPartOf":{"@id":"https:\/\/icoolbuy.com\/#website"},"primaryImageOfPage":{"@id":"https:\/\/icoolbuy.com\/product\/mini-creative-speaker-mobile-mechanical-jellyfish-speaker-colorful-lamp-octopus-audio-home-desktop-ornaments-gift\/#primaryimage"},"image":{"@id":"https:\/\/icoolbuy.com\/product\/mini-creative-speaker-mobile-mechanical-jellyfish-speaker-colorful-lamp-octopus-audio-home-desktop-ornaments-gift\/#primaryimage"},"thumbnailUrl":"https:\/\/icoolbuy.com\/wp-content\/uploads\/2024\/09\/S8d26221ba4114e31ae145bee5c55392dJ.webp","datePublished":"2024-09-25T06:53:46+00:00","dateModified":"2024-09-25T06:57:57+00:00","breadcrumb":{"@id":"https:\/\/icoolbuy.com\/product\/mini-creative-speaker-mobile-mechanical-jellyfish-speaker-colorful-lamp-octopus-audio-home-desktop-ornaments-gift\/#breadcrumb"},"inLanguage":"fr-FR","potentialAction":[{"@type":"ReadAction","target":["https:\/\/icoolbuy.com\/product\/mini-creative-speaker-mobile-mechanical-jellyfish-speaker-colorful-lamp-octopus-audio-home-desktop-ornaments-gift\/"]}]},{"@type":"ImageObject","inLanguage":"fr-FR","@id":"https:\/\/icoolbuy.com\/product\/mini-creative-speaker-mobile-mechanical-jellyfish-speaker-colorful-lamp-octopus-audio-home-desktop-ornaments-gift\/#primaryimage","url":"https:\/\/icoolbuy.com\/wp-content\/uploads\/2024\/09\/S8d26221ba4114e31ae145bee5c55392dJ.webp","contentUrl":"https:\/\/icoolbuy.com\/wp-content\/uploads\/2024\/09\/S8d26221ba4114e31ae145bee5c55392dJ.webp","width":800,"height":800},{"@type":"BreadcrumbList","@id":"https:\/\/icoolbuy.com\/product\/mini-creative-speaker-mobile-mechanical-jellyfish-speaker-colorful-lamp-octopus-audio-home-desktop-ornaments-gift\/#breadcrumb","itemListElement":[{"@type":"ListItem","position":1,"name":"\u9996\u9875","item":"https:\/\/icoolbuy.com\/"},{"@type":"ListItem","position":2,"name":"Products","item":"https:\/\/icoolbuy.com\/products\/"},{"@type":"ListItem","position":3,"name":"Mini Creative Speaker Mobile Mechanical Jellyfish Speaker Colorful Lamp Octopus Audio Home Desktop Ornaments Gift"}]},{"@type":"WebSite","@id":"https:\/\/icoolbuy.com\/#website","url":"https:\/\/icoolbuy.com\/","name":"icoolbuy.","description":"Creative products","publisher":{"@id":"https:\/\/icoolbuy.com\/#organization"},"potentialAction":[{"@type":"SearchAction","target":{"@type":"EntryPoint","urlTemplate":"https:\/\/icoolbuy.com\/?s={search_term_string}"},"query-input":{"@type":"PropertyValueSpecification","valueRequired":true,"valueName":"search_term_string"}}],"inLanguage":"fr-FR"},{"@type":"Organization","@id":"https:\/\/icoolbuy.com\/#organization","name":"icoolbuy.","url":"https:\/\/icoolbuy.com\/","logo":{"@type":"ImageObject","inLanguage":"fr-FR","@id":"https:\/\/icoolbuy.com\/#\/schema\/logo\/image\/","url":"https:\/\/icoolbuy.com\/wp-content\/uploads\/2024\/09\/12.png","contentUrl":"https:\/\/icoolbuy.com\/wp-content\/uploads\/2024\/09\/12.png","width":638,"height":371,"caption":"icoolbuy."},"image":{"@id":"https:\/\/icoolbuy.com\/#\/schema\/logo\/image\/"}}]},"og_availability":"instock","product_availability":"instock","product_retailer_item_id":"crpr6imtls0000druh60","product_condition":"new"},"uagb_featured_image_src":{"full":["https:\/\/icoolbuy.com\/wp-content\/uploads\/2024\/09\/S8d26221ba4114e31ae145bee5c55392dJ.webp",800,800,false],"thumbnail":["https:\/\/icoolbuy.com\/wp-content\/uploads\/2024\/09\/S8d26221ba4114e31ae145bee5c55392dJ-150x150.webp",150,150,true],"medium":["https:\/\/icoolbuy.com\/wp-content\/uploads\/2024\/09\/S8d26221ba4114e31ae145bee5c55392dJ-300x300.webp",300,300,true],"medium_large":["https:\/\/icoolbuy.com\/wp-content\/uploads\/2024\/09\/S8d26221ba4114e31ae145bee5c55392dJ-768x768.webp",768,768,true],"large":["https:\/\/icoolbuy.com\/wp-content\/uploads\/2024\/09\/S8d26221ba4114e31ae145bee5c55392dJ.webp",800,800,false],"1536x1536":["https:\/\/icoolbuy.com\/wp-content\/uploads\/2024\/09\/S8d26221ba4114e31ae145bee5c55392dJ.webp",800,800,false],"2048x2048":["https:\/\/icoolbuy.com\/wp-content\/uploads\/2024\/09\/S8d26221ba4114e31ae145bee5c55392dJ.webp",800,800,false],"trp-custom-language-flag":["https:\/\/icoolbuy.com\/wp-content\/uploads\/2024\/09\/S8d26221ba4114e31ae145bee5c55392dJ-12x12.webp",12,12,true],"woocommerce_archive_thumbnail":["https:\/\/icoolbuy.com\/wp-content\/uploads\/2024\/09\/S8d26221ba4114e31ae145bee5c55392dJ-300x300.webp",300,300,true],"woocommerce_thumbnail":["https:\/\/icoolbuy.com\/wp-content\/uploads\/2024\/09\/S8d26221ba4114e31ae145bee5c55392dJ-300x300.webp",300,300,true],"woocommerce_single":["https:\/\/icoolbuy.com\/wp-content\/uploads\/2024\/09\/S8d26221ba4114e31ae145bee5c55392dJ-600x600.webp",600,600,true],"woocommerce_gallery_thumbnail":["https:\/\/icoolbuy.com\/wp-content\/uploads\/2024\/09\/S8d26221ba4114e31ae145bee5c55392dJ-100x100.webp",100,100,true],"variation_swatches_image_size":["https:\/\/icoolbuy.com\/wp-content\/uploads\/2024\/09\/S8d26221ba4114e31ae145bee5c55392dJ-50x50.webp",50,50,true],"variation_swatches_tooltip_size":["https:\/\/icoolbuy.com\/wp-content\/uploads\/2024\/09\/S8d26221ba4114e31ae145bee5c55392dJ-100x100.webp",100,100,true]},"uagb_author_info":{"display_name":"lanfa39@163.com","author_link":"https:\/\/icoolbuy.com\/fr\/author\/"},"uagb_comment_info":0,"uagb_excerpt":"SPECIFICATIONS &nbsp; Brand Name: centechia Cabinet Material: plastic Audio Crossover: Full-Range Waterproof: No Communication: bluetooth Speaker Type: Portable Channels: 2 (2.0) Support APP: No Battery: Yes Category: Speakers Use: Home Origin: Mainland China Sound Mode: Hi-Res Sound Mode Voice Control: No Power Source: DC Number of Loudspeaker Enclosure: 1 Input Power(W): &lt;25 W Hign-concerned Chemical:\u2026","_links":{"self":[{"href":"https:\/\/icoolbuy.com\/fr\/wp-json\/wp\/v2\/product\/5473","targetHints":{"allow":["GET"]}}],"collection":[{"href":"https:\/\/icoolbuy.com\/fr\/wp-json\/wp\/v2\/product"}],"about":[{"href":"https:\/\/icoolbuy.com\/fr\/wp-json\/wp\/v2\/types\/product"}],"replies":[{"embeddable":true,"href":"https:\/\/icoolbuy.com\/fr\/wp-json\/wp\/v2\/comments?post=5473"}],"wp:featuredmedia":[{"embeddable":true,"href":"https:\/\/icoolbuy.com\/fr\/wp-json\/wp\/v2\/media\/5457"}],"wp:attachment":[{"href":"https:\/\/icoolbuy.com\/fr\/wp-json\/wp\/v2\/media?parent=5473"}],"wp:term":[{"taxonomy":"product_brand","embeddable":true,"href":"https:\/\/icoolbuy.com\/fr\/wp-json\/wp\/v2\/product_brand?post=5473"},{"taxonomy":"product_cat","embeddable":true,"href":"https:\/\/icoolbuy.com\/fr\/wp-json\/wp\/v2\/product_cat?post=5473"},{"taxonomy":"product_tag","embeddable":true,"href":"https:\/\/icoolbuy.com\/fr\/wp-json\/wp\/v2\/product_tag?post=5473"}],"curies":[{"name":"wp","href":"https:\/\/api.w.org\/{rel}","templated":true}]}}