{"id":5816,"date":"2024-09-30T02:03:06","date_gmt":"2024-09-30T02:03:06","guid":{"rendered":"https:\/\/icoolbuy.com\/?post_type=product&#038;p=5816"},"modified":"2025-04-12T12:55:33","modified_gmt":"2025-04-12T12:55:33","slug":"mini-children-camera-x2-digital-vintage-camera-educational-toys-kids-projection-video-camera-outdoor-photography-toy-gifts","status":"publish","type":"product","link":"https:\/\/icoolbuy.com\/fr\/produit\/mini-children-camera-x2-digital-vintage-camera-educational-toys-kids-projection-video-camera-outdoor-photography-toy-gifts\/","title":{"rendered":"Mini Cam\u00e9ra pour enfants X2 Cam\u00e9ra num\u00e9rique Vintage Jouets \u00e9ducatifs Cam\u00e9ra vid\u00e9o de projection pour enfants Photographie en plein air Jouets Cadeaux"},"content":{"rendered":"<h1>CARACT\u00c9RISTIQUES TECHNIQUES<\/h1>\n<p>&nbsp;<\/p>\n<p>Nom de marque : <span style=\"color: #333;\">AUN<\/span><\/p>\n<p>Optical Zoom: <span style=\"color: #333;\">&lt; 2x<\/span><\/p>\n<p>Sensor Element Type: <span style=\"color: #333;\">CMOS<\/span><\/p>\n<p>Special Feature: <span style=\"color: #333;\">Aucun<\/span><\/p>\n<p>Sensor Size (inches): <span style=\"color: #333;\">APS-C<\/span><\/p>\n<p>Image Stabilization: <span style=\"color: #333;\">No<\/span><\/p>\n<p>Produits chimiques \u00e0 haute teneur en soufre : <span style=\"color: #333;\">Aucun<\/span><\/p>\n<p>Origine : <span style=\"color: #333;\">Chine continentale<\/span><\/p>\n<p>Image Resolution (Video): <span style=\"color: #333;\">480i\/P\uff08720*480\uff09<\/span><\/p>\n<p>Focal Length: <span style=\"color: #333;\">TBD<\/span><\/p>\n<p>Display Size: <span style=\"color: #333;\">2&#8243; &#8211; 3&#8243;<\/span><\/p>\n<p>Supporting Language: <span style=\"color: #333;\">japanese<\/span><\/p>\n<p>Supporting Language: <span style=\"color: #333;\">FRENCH<\/span><\/p>\n<p>Supporting Language: <span style=\"color: #333;\">german<\/span><\/p>\n<p>Supporting Language: <span style=\"color: #333;\">Portuguese<\/span><\/p>\n<p>Supporting Language: <span style=\"color: #333;\">Russian<\/span><\/p>\n<p>Supporting Language: <span style=\"color: #333;\">English<\/span><\/p>\n<p>Supporting Language: <span style=\"color: #333;\">KOREAN<\/span><\/p>\n<p>Supporting Language: <span style=\"color: #333;\">Simplified Chinese<\/span><\/p>\n<p>Memory Card Type: <span style=\"color: #333;\">MicroSD \/ TF<\/span><\/p>\n<p>USe: <span style=\"color: #333;\">Use TF card to support up to 32GB of memory card<\/span><\/p>\n<p>Battery capacity: <span style=\"color: #333;\">200mAh<\/span><\/p>\n<p>Video specification: <span style=\"color: #333;\">M-JPEG (AVI)<\/span><\/p>\n<p>Choix : <span style=\"color: #333;\">oui<\/span><\/p>\n<p>&nbsp;<\/p>\n<p>&nbsp;<\/p>\n<div class=\"detailmodule_text\"><\/div>\n<div class=\"detailmodule_text\">\n<p class=\"detail-desc-decorate-title\" style=\"font-family: OpenSans; font-size: 20px; font-weight: 900; line-height: 28px; margin-bottom: 12px;\">Specification<\/p>\n<p class=\"detail-desc-decorate-content\" style=\"font-family: OpenSans; font-size: 14px; font-weight: 300; line-height: 20px; margin-bottom: 12px;\">Features: taking photos, recording videos, albums, stickers, various filters, gaming<br \/>\n2.0 inch TFT screen<br \/>\nBattery capacity 200mAh<br \/>\nActual pixels 300000, vga product interpolated pixels 20 million 1080P<br \/>\nVideo specification: M-JPEG (AVI)<br \/>\nUse TF card to support up to 32GB of memory card<br \/>\nUSB2.0 interface<br \/>\nRecording pixels 1920 * 1080, 1280 * 720, 640 * 480<br \/>\nLanguage types: Simplified Chinese, Traditional Chinese, English, German, Japanese, Portuguese, French, Korean, Italian, Russian.<\/p>\n<\/div>\n<div class=\"detailmodule_image\"><img decoding=\"async\" class=\"detail-desc-decorate-image\" src=\"https:\/\/ae01.alicdn.com\/kf\/Sd6ba97a38b194dc89005e108d4620c0dy.jpg\" \/><img decoding=\"async\" class=\"detail-desc-decorate-image\" src=\"https:\/\/ae01.alicdn.com\/kf\/S726b42eaf2a3445bab10f6fc04ed8a5fv.jpg\" \/><img decoding=\"async\" class=\"detail-desc-decorate-image\" src=\"https:\/\/ae01.alicdn.com\/kf\/Sf78ded00187041cb95035bd6e48ec39bu.jpg\" \/><img decoding=\"async\" class=\"detail-desc-decorate-image\" src=\"https:\/\/ae01.alicdn.com\/kf\/S5618054adfc743319e151fa4ee21e624W.jpg\" \/><img decoding=\"async\" class=\"detail-desc-decorate-image\" src=\"https:\/\/ae01.alicdn.com\/kf\/S9203470a6e5049639375ac58f96eeb7e8.jpg\" \/><img decoding=\"async\" class=\"detail-desc-decorate-image\" src=\"https:\/\/ae01.alicdn.com\/kf\/Sd5ea284c11564d1dbd453d497623822bK.jpg\" \/><img decoding=\"async\" class=\"detail-desc-decorate-image\" src=\"https:\/\/ae01.alicdn.com\/kf\/S6410eca6f0684e22b8f744a030339cafu.jpg\" \/><img decoding=\"async\" class=\"detail-desc-decorate-image\" src=\"https:\/\/ae01.alicdn.com\/kf\/Se0b9cbc0d41b45e089807097658762ba1.jpg\" \/><img decoding=\"async\" class=\"detail-desc-decorate-image\" src=\"https:\/\/ae01.alicdn.com\/kf\/Sd2fd328c7cbb4f1b944fb943cf399c8dP.jpg\" \/><img decoding=\"async\" class=\"detail-desc-decorate-image\" src=\"https:\/\/ae01.alicdn.com\/kf\/Sa4d6920336eb48d0a162f00a09b8888aV.jpg\" \/><\/div>\n<p>&nbsp;<\/p>","protected":false},"excerpt":{"rendered":"<p>SPECIFICATIONS &nbsp; Brand Name: AUN Optical Zoom: &lt; 2x Sensor Element Type: CMOS Special Feature: None Sensor Size (inches): APS-C Image Stabilization: No Hign-concerned Chemical: None Origin: Mainland China Image Resolution (Video): 480i\/P\uff08720*480\uff09 Focal Length: TBD Display Size: 2&#8243; &#8211; 3&#8243; Supporting Language: japanese Supporting Language: FRENCH Supporting Language: german Supporting Language: Portuguese Supporting Language: [&hellip;]<\/p>","protected":false},"featured_media":5784,"comment_status":"open","ping_status":"closed","template":"","meta":{"_uag_custom_page_level_css":""},"product_brand":[],"product_cat":[48],"product_tag":[],"class_list":{"0":"post-5816","1":"product","2":"type-product","3":"status-publish","4":"has-post-thumbnail","6":"product_cat-electronic","8":"first","9":"instock","10":"shipping-taxable","11":"purchasable","12":"product-type-variable","13":"wvs-archive-product-wrapper"},"yoast_head":"<!-- This site is optimized with the Yoast SEO Premium plugin v23.4 (Yoast SEO v24.4) - https:\/\/yoast.com\/wordpress\/plugins\/seo\/ -->\n<title>Mini Children Camera X2 Digital Vintage Camera Educational Toys Kids Projection Video Camera Outdoor Photography Toy Gifts - icoolbuy.<\/title>\n<meta name=\"robots\" content=\"index, follow, max-snippet:-1, max-image-preview:large, max-video-preview:-1\" \/>\n<link rel=\"canonical\" href=\"https:\/\/icoolbuy.com\/fr\/produit\/mini-children-camera-x2-digital-vintage-camera-educational-toys-kids-projection-video-camera-outdoor-photography-toy-gifts\/\" \/>\n<meta property=\"og:locale\" content=\"fr_FR\" \/>\n<meta property=\"og:type\" content=\"article\" \/>\n<meta property=\"og:title\" content=\"Mini Children Camera X2 Digital Vintage Camera Educational Toys Kids Projection Video Camera Outdoor Photography Toy Gifts\" \/>\n<meta property=\"og:description\" content=\"SPECIFICATIONS &nbsp; Brand Name: AUN Optical Zoom: &lt; 2x Sensor Element Type: CMOS Special Feature: None Sensor Size (inches): APS-C Image Stabilization: No Hign-concerned Chemical: None Origin: Mainland China Image Resolution (Video): 480i\/P\uff08720*480\uff09 Focal Length: TBD Display Size: 2&#8243; &#8211; 3&#8243; Supporting Language: japanese Supporting Language: FRENCH Supporting Language: german Supporting Language: Portuguese Supporting Language: [&hellip;]\" \/>\n<meta property=\"og:url\" content=\"https:\/\/icoolbuy.com\/fr\/produit\/mini-children-camera-x2-digital-vintage-camera-educational-toys-kids-projection-video-camera-outdoor-photography-toy-gifts\/\" \/>\n<meta property=\"og:site_name\" content=\"icoolbuy.\" \/>\n<meta property=\"article:modified_time\" content=\"2025-04-12T12:55:33+00:00\" \/>\n<meta property=\"og:image\" content=\"https:\/\/icoolbuy.com\/wp-content\/uploads\/2024\/09\/S4f2c83e38c4c4169af0d9465c7432a23Z.webp\" \/>\n\t<meta property=\"og:image:width\" content=\"800\" \/>\n\t<meta property=\"og:image:height\" content=\"800\" \/>\n\t<meta property=\"og:image:type\" content=\"image\/webp\" \/>\n<meta name=\"twitter:card\" content=\"summary_large_image\" \/>\n<meta name=\"twitter:label1\" content=\"Disponibilit\u00e9\" \/>\n\t<meta name=\"twitter:data1\" content=\"En stock\" \/>\n<script type=\"application\/ld+json\" class=\"yoast-schema-graph\">{\"@context\":\"https:\/\/schema.org\",\"@graph\":[{\"@type\":\"WebPage\",\"@id\":\"https:\/\/icoolbuy.com\/product\/mini-children-camera-x2-digital-vintage-camera-educational-toys-kids-projection-video-camera-outdoor-photography-toy-gifts\/\",\"url\":\"https:\/\/icoolbuy.com\/product\/mini-children-camera-x2-digital-vintage-camera-educational-toys-kids-projection-video-camera-outdoor-photography-toy-gifts\/\",\"name\":\"Mini Children Camera X2 Digital Vintage Camera Educational Toys Kids Projection Video Camera Outdoor Photography Toy Gifts - icoolbuy.\",\"isPartOf\":{\"@id\":\"https:\/\/icoolbuy.com\/#website\"},\"primaryImageOfPage\":{\"@id\":\"https:\/\/icoolbuy.com\/product\/mini-children-camera-x2-digital-vintage-camera-educational-toys-kids-projection-video-camera-outdoor-photography-toy-gifts\/#primaryimage\"},\"image\":{\"@id\":\"https:\/\/icoolbuy.com\/product\/mini-children-camera-x2-digital-vintage-camera-educational-toys-kids-projection-video-camera-outdoor-photography-toy-gifts\/#primaryimage\"},\"thumbnailUrl\":\"https:\/\/icoolbuy.com\/wp-content\/uploads\/2024\/09\/S4f2c83e38c4c4169af0d9465c7432a23Z.webp\",\"datePublished\":\"2024-09-30T02:03:06+00:00\",\"dateModified\":\"2025-04-12T12:55:33+00:00\",\"breadcrumb\":{\"@id\":\"https:\/\/icoolbuy.com\/product\/mini-children-camera-x2-digital-vintage-camera-educational-toys-kids-projection-video-camera-outdoor-photography-toy-gifts\/#breadcrumb\"},\"inLanguage\":\"fr-FR\",\"potentialAction\":[{\"@type\":\"ReadAction\",\"target\":[\"https:\/\/icoolbuy.com\/product\/mini-children-camera-x2-digital-vintage-camera-educational-toys-kids-projection-video-camera-outdoor-photography-toy-gifts\/\"]}]},{\"@type\":\"ImageObject\",\"inLanguage\":\"fr-FR\",\"@id\":\"https:\/\/icoolbuy.com\/product\/mini-children-camera-x2-digital-vintage-camera-educational-toys-kids-projection-video-camera-outdoor-photography-toy-gifts\/#primaryimage\",\"url\":\"https:\/\/icoolbuy.com\/wp-content\/uploads\/2024\/09\/S4f2c83e38c4c4169af0d9465c7432a23Z.webp\",\"contentUrl\":\"https:\/\/icoolbuy.com\/wp-content\/uploads\/2024\/09\/S4f2c83e38c4c4169af0d9465c7432a23Z.webp\",\"width\":800,\"height\":800},{\"@type\":\"BreadcrumbList\",\"@id\":\"https:\/\/icoolbuy.com\/product\/mini-children-camera-x2-digital-vintage-camera-educational-toys-kids-projection-video-camera-outdoor-photography-toy-gifts\/#breadcrumb\",\"itemListElement\":[{\"@type\":\"ListItem\",\"position\":1,\"name\":\"\u9996\u9875\",\"item\":\"https:\/\/icoolbuy.com\/\"},{\"@type\":\"ListItem\",\"position\":2,\"name\":\"Products\",\"item\":\"https:\/\/icoolbuy.com\/products\/\"},{\"@type\":\"ListItem\",\"position\":3,\"name\":\"Mini Children Camera X2 Digital Vintage Camera Educational Toys Kids Projection Video Camera Outdoor Photography Toy Gifts\"}]},{\"@type\":\"WebSite\",\"@id\":\"https:\/\/icoolbuy.com\/#website\",\"url\":\"https:\/\/icoolbuy.com\/\",\"name\":\"icoolbuy.\",\"description\":\"Creative products\",\"publisher\":{\"@id\":\"https:\/\/icoolbuy.com\/#organization\"},\"potentialAction\":[{\"@type\":\"SearchAction\",\"target\":{\"@type\":\"EntryPoint\",\"urlTemplate\":\"https:\/\/icoolbuy.com\/?s={search_term_string}\"},\"query-input\":{\"@type\":\"PropertyValueSpecification\",\"valueRequired\":true,\"valueName\":\"search_term_string\"}}],\"inLanguage\":\"fr-FR\"},{\"@type\":\"Organization\",\"@id\":\"https:\/\/icoolbuy.com\/#organization\",\"name\":\"icoolbuy.\",\"url\":\"https:\/\/icoolbuy.com\/\",\"logo\":{\"@type\":\"ImageObject\",\"inLanguage\":\"fr-FR\",\"@id\":\"https:\/\/icoolbuy.com\/#\/schema\/logo\/image\/\",\"url\":\"https:\/\/icoolbuy.com\/wp-content\/uploads\/2024\/09\/12.png\",\"contentUrl\":\"https:\/\/icoolbuy.com\/wp-content\/uploads\/2024\/09\/12.png\",\"width\":638,\"height\":371,\"caption\":\"icoolbuy.\"},\"image\":{\"@id\":\"https:\/\/icoolbuy.com\/#\/schema\/logo\/image\/\"}}]}<\/script>\n<meta property=\"og:availability\" content=\"instock\" \/>\n<meta property=\"product:availability\" content=\"instock\" \/>\n<meta property=\"product:retailer_item_id\" content=\"crt0df4mv1pg00flh8u0\" \/>\n<meta property=\"product:condition\" content=\"new\" \/>\n<!-- \/ Yoast SEO Premium plugin. -->","yoast_head_json":{"title":"Mini Children Camera X2 Digital Vintage Camera Educational Toys Kids Projection Video Camera Outdoor Photography Toy Gifts - icoolbuy.","robots":{"index":"index","follow":"follow","max-snippet":"max-snippet:-1","max-image-preview":"max-image-preview:large","max-video-preview":"max-video-preview:-1"},"canonical":"https:\/\/icoolbuy.com\/fr\/produit\/mini-children-camera-x2-digital-vintage-camera-educational-toys-kids-projection-video-camera-outdoor-photography-toy-gifts\/","og_locale":"fr_FR","og_type":"article","og_title":"Mini Children Camera X2 Digital Vintage Camera Educational Toys Kids Projection Video Camera Outdoor Photography Toy Gifts","og_description":"SPECIFICATIONS &nbsp; Brand Name: AUN Optical Zoom: &lt; 2x Sensor Element Type: CMOS Special Feature: None Sensor Size (inches): APS-C Image Stabilization: No Hign-concerned Chemical: None Origin: Mainland China Image Resolution (Video): 480i\/P\uff08720*480\uff09 Focal Length: TBD Display Size: 2&#8243; &#8211; 3&#8243; Supporting Language: japanese Supporting Language: FRENCH Supporting Language: german Supporting Language: Portuguese Supporting Language: [&hellip;]","og_url":"https:\/\/icoolbuy.com\/fr\/produit\/mini-children-camera-x2-digital-vintage-camera-educational-toys-kids-projection-video-camera-outdoor-photography-toy-gifts\/","og_site_name":"icoolbuy.","article_modified_time":"2025-04-12T12:55:33+00:00","og_image":[{"width":800,"height":800,"url":"https:\/\/icoolbuy.com\/wp-content\/uploads\/2024\/09\/S4f2c83e38c4c4169af0d9465c7432a23Z.webp","type":"image\/webp"}],"twitter_card":"summary_large_image","twitter_misc":{"Disponibilit\u00e9":"En stock"},"schema":{"@context":"https:\/\/schema.org","@graph":[{"@type":"WebPage","@id":"https:\/\/icoolbuy.com\/product\/mini-children-camera-x2-digital-vintage-camera-educational-toys-kids-projection-video-camera-outdoor-photography-toy-gifts\/","url":"https:\/\/icoolbuy.com\/product\/mini-children-camera-x2-digital-vintage-camera-educational-toys-kids-projection-video-camera-outdoor-photography-toy-gifts\/","name":"Mini Children Camera X2 Digital Vintage Camera Educational Toys Kids Projection Video Camera Outdoor Photography Toy Gifts - icoolbuy.","isPartOf":{"@id":"https:\/\/icoolbuy.com\/#website"},"primaryImageOfPage":{"@id":"https:\/\/icoolbuy.com\/product\/mini-children-camera-x2-digital-vintage-camera-educational-toys-kids-projection-video-camera-outdoor-photography-toy-gifts\/#primaryimage"},"image":{"@id":"https:\/\/icoolbuy.com\/product\/mini-children-camera-x2-digital-vintage-camera-educational-toys-kids-projection-video-camera-outdoor-photography-toy-gifts\/#primaryimage"},"thumbnailUrl":"https:\/\/icoolbuy.com\/wp-content\/uploads\/2024\/09\/S4f2c83e38c4c4169af0d9465c7432a23Z.webp","datePublished":"2024-09-30T02:03:06+00:00","dateModified":"2025-04-12T12:55:33+00:00","breadcrumb":{"@id":"https:\/\/icoolbuy.com\/product\/mini-children-camera-x2-digital-vintage-camera-educational-toys-kids-projection-video-camera-outdoor-photography-toy-gifts\/#breadcrumb"},"inLanguage":"fr-FR","potentialAction":[{"@type":"ReadAction","target":["https:\/\/icoolbuy.com\/product\/mini-children-camera-x2-digital-vintage-camera-educational-toys-kids-projection-video-camera-outdoor-photography-toy-gifts\/"]}]},{"@type":"ImageObject","inLanguage":"fr-FR","@id":"https:\/\/icoolbuy.com\/product\/mini-children-camera-x2-digital-vintage-camera-educational-toys-kids-projection-video-camera-outdoor-photography-toy-gifts\/#primaryimage","url":"https:\/\/icoolbuy.com\/wp-content\/uploads\/2024\/09\/S4f2c83e38c4c4169af0d9465c7432a23Z.webp","contentUrl":"https:\/\/icoolbuy.com\/wp-content\/uploads\/2024\/09\/S4f2c83e38c4c4169af0d9465c7432a23Z.webp","width":800,"height":800},{"@type":"BreadcrumbList","@id":"https:\/\/icoolbuy.com\/product\/mini-children-camera-x2-digital-vintage-camera-educational-toys-kids-projection-video-camera-outdoor-photography-toy-gifts\/#breadcrumb","itemListElement":[{"@type":"ListItem","position":1,"name":"\u9996\u9875","item":"https:\/\/icoolbuy.com\/"},{"@type":"ListItem","position":2,"name":"Products","item":"https:\/\/icoolbuy.com\/products\/"},{"@type":"ListItem","position":3,"name":"Mini Children Camera X2 Digital Vintage Camera Educational Toys Kids Projection Video Camera Outdoor Photography Toy Gifts"}]},{"@type":"WebSite","@id":"https:\/\/icoolbuy.com\/#website","url":"https:\/\/icoolbuy.com\/","name":"icoolbuy.","description":"Creative products","publisher":{"@id":"https:\/\/icoolbuy.com\/#organization"},"potentialAction":[{"@type":"SearchAction","target":{"@type":"EntryPoint","urlTemplate":"https:\/\/icoolbuy.com\/?s={search_term_string}"},"query-input":{"@type":"PropertyValueSpecification","valueRequired":true,"valueName":"search_term_string"}}],"inLanguage":"fr-FR"},{"@type":"Organization","@id":"https:\/\/icoolbuy.com\/#organization","name":"icoolbuy.","url":"https:\/\/icoolbuy.com\/","logo":{"@type":"ImageObject","inLanguage":"fr-FR","@id":"https:\/\/icoolbuy.com\/#\/schema\/logo\/image\/","url":"https:\/\/icoolbuy.com\/wp-content\/uploads\/2024\/09\/12.png","contentUrl":"https:\/\/icoolbuy.com\/wp-content\/uploads\/2024\/09\/12.png","width":638,"height":371,"caption":"icoolbuy."},"image":{"@id":"https:\/\/icoolbuy.com\/#\/schema\/logo\/image\/"}}]},"og_availability":"instock","product_availability":"instock","product_retailer_item_id":"crt0df4mv1pg00flh8u0","product_condition":"new"},"uagb_featured_image_src":{"full":["https:\/\/icoolbuy.com\/wp-content\/uploads\/2024\/09\/S4f2c83e38c4c4169af0d9465c7432a23Z.webp",800,800,false],"thumbnail":["https:\/\/icoolbuy.com\/wp-content\/uploads\/2024\/09\/S4f2c83e38c4c4169af0d9465c7432a23Z-150x150.webp",150,150,true],"medium":["https:\/\/icoolbuy.com\/wp-content\/uploads\/2024\/09\/S4f2c83e38c4c4169af0d9465c7432a23Z-300x300.webp",300,300,true],"medium_large":["https:\/\/icoolbuy.com\/wp-content\/uploads\/2024\/09\/S4f2c83e38c4c4169af0d9465c7432a23Z-768x768.webp",768,768,true],"large":["https:\/\/icoolbuy.com\/wp-content\/uploads\/2024\/09\/S4f2c83e38c4c4169af0d9465c7432a23Z.webp",800,800,false],"1536x1536":["https:\/\/icoolbuy.com\/wp-content\/uploads\/2024\/09\/S4f2c83e38c4c4169af0d9465c7432a23Z.webp",800,800,false],"2048x2048":["https:\/\/icoolbuy.com\/wp-content\/uploads\/2024\/09\/S4f2c83e38c4c4169af0d9465c7432a23Z.webp",800,800,false],"trp-custom-language-flag":["https:\/\/icoolbuy.com\/wp-content\/uploads\/2024\/09\/S4f2c83e38c4c4169af0d9465c7432a23Z-12x12.webp",12,12,true],"woocommerce_archive_thumbnail":["https:\/\/icoolbuy.com\/wp-content\/uploads\/2024\/09\/S4f2c83e38c4c4169af0d9465c7432a23Z-300x300.webp",300,300,true],"woocommerce_thumbnail":["https:\/\/icoolbuy.com\/wp-content\/uploads\/2024\/09\/S4f2c83e38c4c4169af0d9465c7432a23Z-300x300.webp",300,300,true],"woocommerce_single":["https:\/\/icoolbuy.com\/wp-content\/uploads\/2024\/09\/S4f2c83e38c4c4169af0d9465c7432a23Z-600x600.webp",600,600,true],"woocommerce_gallery_thumbnail":["https:\/\/icoolbuy.com\/wp-content\/uploads\/2024\/09\/S4f2c83e38c4c4169af0d9465c7432a23Z-100x100.webp",100,100,true],"variation_swatches_image_size":["https:\/\/icoolbuy.com\/wp-content\/uploads\/2024\/09\/S4f2c83e38c4c4169af0d9465c7432a23Z-50x50.webp",50,50,true],"variation_swatches_tooltip_size":["https:\/\/icoolbuy.com\/wp-content\/uploads\/2024\/09\/S4f2c83e38c4c4169af0d9465c7432a23Z-100x100.webp",100,100,true]},"uagb_author_info":{"display_name":"lanfa39@163.com","author_link":"https:\/\/icoolbuy.com\/fr\/author\/"},"uagb_comment_info":1,"uagb_excerpt":"SPECIFICATIONS &nbsp; Brand Name: AUN Optical Zoom: &lt; 2x Sensor Element Type: CMOS Special Feature: None Sensor Size (inches): APS-C Image Stabilization: No Hign-concerned Chemical: None Origin: Mainland China Image Resolution (Video): 480i\/P\uff08720*480\uff09 Focal Length: TBD Display Size: 2&#8243; &#8211; 3&#8243; Supporting Language: japanese Supporting Language: FRENCH Supporting Language: german Supporting Language: Portuguese Supporting Language:\u2026","_links":{"self":[{"href":"https:\/\/icoolbuy.com\/fr\/wp-json\/wp\/v2\/product\/5816","targetHints":{"allow":["GET"]}}],"collection":[{"href":"https:\/\/icoolbuy.com\/fr\/wp-json\/wp\/v2\/product"}],"about":[{"href":"https:\/\/icoolbuy.com\/fr\/wp-json\/wp\/v2\/types\/product"}],"replies":[{"embeddable":true,"href":"https:\/\/icoolbuy.com\/fr\/wp-json\/wp\/v2\/comments?post=5816"}],"wp:featuredmedia":[{"embeddable":true,"href":"https:\/\/icoolbuy.com\/fr\/wp-json\/wp\/v2\/media\/5784"}],"wp:attachment":[{"href":"https:\/\/icoolbuy.com\/fr\/wp-json\/wp\/v2\/media?parent=5816"}],"wp:term":[{"taxonomy":"product_brand","embeddable":true,"href":"https:\/\/icoolbuy.com\/fr\/wp-json\/wp\/v2\/product_brand?post=5816"},{"taxonomy":"product_cat","embeddable":true,"href":"https:\/\/icoolbuy.com\/fr\/wp-json\/wp\/v2\/product_cat?post=5816"},{"taxonomy":"product_tag","embeddable":true,"href":"https:\/\/icoolbuy.com\/fr\/wp-json\/wp\/v2\/product_tag?post=5816"}],"curies":[{"name":"wp","href":"https:\/\/api.w.org\/{rel}","templated":true}]}}